{"id":6643,"date":"2025-05-19T12:43:27","date_gmt":"2025-05-19T10:43:27","guid":{"rendered":"https:\/\/borweld.com\/?post_type=product&#038;p=6643"},"modified":"2026-02-09T12:50:12","modified_gmt":"2026-02-09T11:50:12","slug":"palnik-do-wypalania-sworzni","status":"publish","type":"product","link":"https:\/\/borweld.com\/fr\/sklep\/zestawy-pomocnicze-do-tulejowania\/palnik-do-usuniecia-sworzni\/palnik-do-wypalania-sworzni\/","title":{"rendered":"Palnik do wypalania sworzni"},"content":{"rendered":"<p>Palnik do wypalania sworzni. Nowoczesny specjalny palnik za pomoc\u0105 specjalnych elektrod\u00f3w umo\u017cliwia wypalanie otworu w \u015brodku sworznia na ca\u0142a d\u0142ugo\u015b\u0107, kt\u00f3wy nie ma mo\u017cliwo\u015b\u0107i usun\u0105\u0107, nast\u0119pnie po sch\u0142odzeniu sworze\u0144 kurczy si\u0119 i \u0142atwo wychodzi.<\/p>\n<p data-start=\"0\" data-end=\"144\">Temperatura na ko\u0144cu elektrody przekraczaj\u0105ca <strong data-start=\"46\" data-end=\"57\">5500 \u00b0C<\/strong> umo\u017cliwia wypalenie otworu praktycznie w ka\u017cdym sworzniu w ci\u0105gu zaledwie kilku minut.<\/p>\n<p data-start=\"146\" data-end=\"170\">W sk\u0142ad zestawu wchodz\u0105:<\/p>\n<ul data-start=\"171\" data-end=\"307\" data-is-last-node=\"\" data-is-only-node=\"\">\n<li data-start=\"171\" data-end=\"190\">\n<p data-start=\"173\" data-end=\"190\">specjalny palnik,<\/p>\n<\/li>\n<li data-start=\"191\" data-end=\"249\">\n<p data-start=\"193\" data-end=\"249\">specjalna elektroda o d\u0142ugo\u015bci <strong data-start=\"224\" data-end=\"234\">0,45 m<\/strong> \u2013 <strong data-start=\"237\" data-end=\"248\">10 szt.<\/strong>,<\/p>\n<\/li>\n<li data-start=\"250\" data-end=\"307\" data-is-last-node=\"\">\n<p data-start=\"252\" data-end=\"307\" data-is-last-node=\"\">specjalna elektroda o d\u0142ugo\u015bci <strong data-start=\"283\" data-end=\"292\">1,2 m<\/strong> \u2013 <strong data-start=\"295\" data-end=\"306\">10 szt<\/p>\n<p class=\"responsive-video-wrap clr\"><iframe title=\"How to remove a stuck pin from the frame. After that you can line boring. #lineboring\" width=\"563\" height=\"1000\" src=\"https:\/\/www.youtube.com\/embed\/Sp82g3wUPdQ?feature=oembed\" frameborder=\"0\" allow=\"accelerometer; autoplay; clipboard-write; encrypted-media; gyroscope; picture-in-picture; web-share\" referrerpolicy=\"strict-origin-when-cross-origin\" allowfullscreen><\/iframe><\/p>\n<p><\/strong><\/p>\n<\/li>\n<\/ul>\n","protected":false},"excerpt":{"rendered":"<p>Palnik do wypalania sworzni. Nowoczesny specjalny palnik za pomoc\u0105 specjalnych elektrod\u00f3w umo\u017cliwia wypalanie otworu w \u015brodku sworznia na ca\u0142a d\u0142ugo\u015b\u0107, kt\u00f3wy nie ma mo\u017cliwo\u015b\u0107i usun\u0105\u0107<\/p>\n","protected":false},"featured_media":10619,"comment_status":"closed","ping_status":"closed","template":"","meta":{"content-type":"","ocean_post_layout":"","ocean_both_sidebars_style":"","ocean_both_sidebars_content_width":0,"ocean_both_sidebars_sidebars_width":0,"ocean_sidebar":"0","ocean_second_sidebar":"0","ocean_disable_margins":"enable","ocean_add_body_class":"","ocean_shortcode_before_top_bar":"","ocean_shortcode_after_top_bar":"","ocean_shortcode_before_header":"","ocean_shortcode_after_header":"","ocean_has_shortcode":"","ocean_shortcode_after_title":"","ocean_shortcode_before_footer_widgets":"","ocean_shortcode_after_footer_widgets":"","ocean_shortcode_before_footer_bottom":"","ocean_shortcode_after_footer_bottom":"","ocean_display_top_bar":"default","ocean_display_header":"default","ocean_header_style":"","ocean_center_header_left_menu":"0","ocean_custom_header_template":"0","ocean_custom_logo":0,"ocean_custom_retina_logo":0,"ocean_custom_logo_max_width":0,"ocean_custom_logo_tablet_max_width":0,"ocean_custom_logo_mobile_max_width":0,"ocean_custom_logo_max_height":0,"ocean_custom_logo_tablet_max_height":0,"ocean_custom_logo_mobile_max_height":0,"ocean_header_custom_menu":"0","ocean_menu_typo_font_family":"0","ocean_menu_typo_font_subset":"","ocean_menu_typo_font_size":0,"ocean_menu_typo_font_size_tablet":0,"ocean_menu_typo_font_size_mobile":0,"ocean_menu_typo_font_size_unit":"px","ocean_menu_typo_font_weight":"","ocean_menu_typo_font_weight_tablet":"","ocean_menu_typo_font_weight_mobile":"","ocean_menu_typo_transform":"","ocean_menu_typo_transform_tablet":"","ocean_menu_typo_transform_mobile":"","ocean_menu_typo_line_height":0,"ocean_menu_typo_line_height_tablet":0,"ocean_menu_typo_line_height_mobile":0,"ocean_menu_typo_line_height_unit":"","ocean_menu_typo_spacing":0,"ocean_menu_typo_spacing_tablet":0,"ocean_menu_typo_spacing_mobile":0,"ocean_menu_typo_spacing_unit":"","ocean_menu_link_color":"","ocean_menu_link_color_hover":"","ocean_menu_link_color_active":"","ocean_menu_link_background":"","ocean_menu_link_hover_background":"","ocean_menu_link_active_background":"","ocean_menu_social_links_bg":"","ocean_menu_social_hover_links_bg":"","ocean_menu_social_links_color":"","ocean_menu_social_hover_links_color":"","ocean_disable_title":"default","ocean_disable_heading":"default","ocean_post_title":"","ocean_post_subheading":"","ocean_post_title_style":"","ocean_post_title_background_color":"","ocean_post_title_background":0,"ocean_post_title_bg_image_position":"","ocean_post_title_bg_image_attachment":"","ocean_post_title_bg_image_repeat":"","ocean_post_title_bg_image_size":"","ocean_post_title_height":0,"ocean_post_title_bg_overlay":0,"ocean_post_title_bg_overlay_color":"","ocean_disable_breadcrumbs":"default","ocean_breadcrumbs_color":"","ocean_breadcrumbs_separator_color":"","ocean_breadcrumbs_links_color":"","ocean_breadcrumbs_links_hover_color":"","ocean_display_footer_widgets":"default","ocean_display_footer_bottom":"default","ocean_custom_footer_template":"0"},"product_brand":[85],"product_cat":[95],"product_tag":[86,38],"class_list":{"0":"post-6643","1":"product","2":"type-product","3":"status-publish","4":"has-post-thumbnail","6":"product_brand-borweld","7":"product_cat-palnik-do-usuniecia-sworzni","8":"product_tag-borweld","9":"product_tag-mobilne-wytaczarki","11":"entry","12":"has-media","14":"first","15":"onbackorder","16":"taxable","17":"shipping-taxable","18":"purchasable","19":"product-type-simple","20":"has-product-nav","21":"col","22":"span_1_of_3","23":"owp-content-center","24":"owp-thumbs-layout-horizontal","25":"owp-btn-normal","26":"owp-tabs-layout-horizontal"},"_links":{"self":[{"href":"https:\/\/borweld.com\/fr\/wp-json\/wp\/v2\/product\/6643","targetHints":{"allow":["GET"]}}],"collection":[{"href":"https:\/\/borweld.com\/fr\/wp-json\/wp\/v2\/product"}],"about":[{"href":"https:\/\/borweld.com\/fr\/wp-json\/wp\/v2\/types\/product"}],"replies":[{"embeddable":true,"href":"https:\/\/borweld.com\/fr\/wp-json\/wp\/v2\/comments?post=6643"}],"wp:featuredmedia":[{"embeddable":true,"href":"https:\/\/borweld.com\/fr\/wp-json\/wp\/v2\/media\/10619"}],"wp:attachment":[{"href":"https:\/\/borweld.com\/fr\/wp-json\/wp\/v2\/media?parent=6643"}],"wp:term":[{"taxonomy":"product_brand","embeddable":true,"href":"https:\/\/borweld.com\/fr\/wp-json\/wp\/v2\/product_brand?post=6643"},{"taxonomy":"product_cat","embeddable":true,"href":"https:\/\/borweld.com\/fr\/wp-json\/wp\/v2\/product_cat?post=6643"},{"taxonomy":"product_tag","embeddable":true,"href":"https:\/\/borweld.com\/fr\/wp-json\/wp\/v2\/product_tag?post=6643"}],"curies":[{"name":"wp","href":"https:\/\/api.w.org\/{rel}","templated":true}]}}