{"id":6585,"date":"2025-05-19T12:43:16","date_gmt":"2025-05-19T10:43:16","guid":{"rendered":"https:\/\/borweld.com\/?post_type=product&#038;p=6585"},"modified":"2025-12-12T16:18:15","modified_gmt":"2025-12-12T15:18:15","slug":"walek-do-napawania-fi30mm-l500","status":"publish","type":"product","link":"https:\/\/borweld.com\/fr\/sklep\/mobilne-wytaczarki\/%e2%81%a0produkty-spawalnicze\/walek-do-napawania-fi30mm-l500\/","title":{"rendered":"Wa\u0142ek do napawania fi30mm L=500"},"content":{"rendered":"<p>Wa\u0142ek do napawania fi30mm L=500. Wa\u0142ek napawaj\u0105cy do wytaczarki przeno\u015bnej BORWELD SMART 40-1.0 (\u015brednica wa\u0142a 30mm). Nadaje si\u0119 do napawania otwor\u00f3w o \u015brednicy od 30mm. Idealny do KIT-30, poniewa\u017c oszcz\u0119dza czas &#8211; nie ma potrzeby ci\u0105g\u0142ego wyjmowania i instalowania tulei redukcyjnych podczas pracy z KIT-30 (je\u015bli nie masz takiego wa\u0142u, to przed spawaniem oraz po spawaniu musisz ca\u0142y czas wyj\u0105\u0107 tuleje redukcyjne, aby zainstalowa\u0107 wa\u0142 spawalniczy 40 mm).<\/p>\n","protected":false},"excerpt":{"rendered":"<p>Kompaktowy wa\u0142ek napawaj\u0105cy do wytaczarki przeno\u015bnej BORWELD SMART 40-1.0 (\u015brednica wa\u0142a 30mm). Nadaje si\u0119 do napawania otwor\u00f3w o \u015brednicy od 30mm. Idealny do KIT-30.<\/p>\n","protected":false},"featured_media":6663,"comment_status":"closed","ping_status":"closed","template":"","meta":{"content-type":"","ocean_post_layout":"","ocean_both_sidebars_style":"","ocean_both_sidebars_content_width":0,"ocean_both_sidebars_sidebars_width":0,"ocean_sidebar":"0","ocean_second_sidebar":"0","ocean_disable_margins":"enable","ocean_add_body_class":"","ocean_shortcode_before_top_bar":"","ocean_shortcode_after_top_bar":"","ocean_shortcode_before_header":"","ocean_shortcode_after_header":"","ocean_has_shortcode":"","ocean_shortcode_after_title":"","ocean_shortcode_before_footer_widgets":"","ocean_shortcode_after_footer_widgets":"","ocean_shortcode_before_footer_bottom":"","ocean_shortcode_after_footer_bottom":"","ocean_display_top_bar":"default","ocean_display_header":"default","ocean_header_style":"","ocean_center_header_left_menu":"0","ocean_custom_header_template":"0","ocean_custom_logo":0,"ocean_custom_retina_logo":0,"ocean_custom_logo_max_width":0,"ocean_custom_logo_tablet_max_width":0,"ocean_custom_logo_mobile_max_width":0,"ocean_custom_logo_max_height":0,"ocean_custom_logo_tablet_max_height":0,"ocean_custom_logo_mobile_max_height":0,"ocean_header_custom_menu":"0","ocean_menu_typo_font_family":"0","ocean_menu_typo_font_subset":"","ocean_menu_typo_font_size":0,"ocean_menu_typo_font_size_tablet":0,"ocean_menu_typo_font_size_mobile":0,"ocean_menu_typo_font_size_unit":"px","ocean_menu_typo_font_weight":"","ocean_menu_typo_font_weight_tablet":"","ocean_menu_typo_font_weight_mobile":"","ocean_menu_typo_transform":"","ocean_menu_typo_transform_tablet":"","ocean_menu_typo_transform_mobile":"","ocean_menu_typo_line_height":0,"ocean_menu_typo_line_height_tablet":0,"ocean_menu_typo_line_height_mobile":0,"ocean_menu_typo_line_height_unit":"","ocean_menu_typo_spacing":0,"ocean_menu_typo_spacing_tablet":0,"ocean_menu_typo_spacing_mobile":0,"ocean_menu_typo_spacing_unit":"","ocean_menu_link_color":"","ocean_menu_link_color_hover":"","ocean_menu_link_color_active":"","ocean_menu_link_background":"","ocean_menu_link_hover_background":"","ocean_menu_link_active_background":"","ocean_menu_social_links_bg":"","ocean_menu_social_hover_links_bg":"","ocean_menu_social_links_color":"","ocean_menu_social_hover_links_color":"","ocean_disable_title":"default","ocean_disable_heading":"default","ocean_post_title":"","ocean_post_subheading":"","ocean_post_title_style":"","ocean_post_title_background_color":"","ocean_post_title_background":0,"ocean_post_title_bg_image_position":"","ocean_post_title_bg_image_attachment":"","ocean_post_title_bg_image_repeat":"","ocean_post_title_bg_image_size":"","ocean_post_title_height":0,"ocean_post_title_bg_overlay":0,"ocean_post_title_bg_overlay_color":"","ocean_disable_breadcrumbs":"default","ocean_breadcrumbs_color":"","ocean_breadcrumbs_separator_color":"","ocean_breadcrumbs_links_color":"","ocean_breadcrumbs_links_hover_color":"","ocean_display_footer_widgets":"default","ocean_display_footer_bottom":"default","ocean_custom_footer_template":"0"},"product_brand":[85],"product_cat":[36,91],"product_tag":[86,38],"class_list":{"0":"post-6585","1":"product","2":"type-product","3":"status-publish","4":"has-post-thumbnail","6":"product_brand-borweld","7":"product_cat-mobilne-wytaczarki","8":"product_cat-produkty-spawalnicze","9":"product_tag-borweld","10":"product_tag-mobilne-wytaczarki","12":"entry","13":"has-media","15":"first","16":"onbackorder","17":"taxable","18":"shipping-taxable","19":"purchasable","20":"product-type-simple","21":"has-product-nav","22":"col","23":"span_1_of_3","24":"owp-content-center","25":"owp-thumbs-layout-horizontal","26":"owp-btn-normal","27":"owp-tabs-layout-horizontal","28":"has-no-thumbnails"},"_links":{"self":[{"href":"https:\/\/borweld.com\/fr\/wp-json\/wp\/v2\/product\/6585","targetHints":{"allow":["GET"]}}],"collection":[{"href":"https:\/\/borweld.com\/fr\/wp-json\/wp\/v2\/product"}],"about":[{"href":"https:\/\/borweld.com\/fr\/wp-json\/wp\/v2\/types\/product"}],"replies":[{"embeddable":true,"href":"https:\/\/borweld.com\/fr\/wp-json\/wp\/v2\/comments?post=6585"}],"wp:featuredmedia":[{"embeddable":true,"href":"https:\/\/borweld.com\/fr\/wp-json\/wp\/v2\/media\/6663"}],"wp:attachment":[{"href":"https:\/\/borweld.com\/fr\/wp-json\/wp\/v2\/media?parent=6585"}],"wp:term":[{"taxonomy":"product_brand","embeddable":true,"href":"https:\/\/borweld.com\/fr\/wp-json\/wp\/v2\/product_brand?post=6585"},{"taxonomy":"product_cat","embeddable":true,"href":"https:\/\/borweld.com\/fr\/wp-json\/wp\/v2\/product_cat?post=6585"},{"taxonomy":"product_tag","embeddable":true,"href":"https:\/\/borweld.com\/fr\/wp-json\/wp\/v2\/product_tag?post=6585"}],"curies":[{"name":"wp","href":"https:\/\/api.w.org\/{rel}","templated":true}]}}