{"id":6575,"date":"2025-05-19T12:43:15","date_gmt":"2025-05-19T10:43:15","guid":{"rendered":"https:\/\/borweld.com\/?post_type=product&#038;p=6575"},"modified":"2026-02-04T11:38:21","modified_gmt":"2026-02-04T10:38:21","slug":"mobilna-wytaczarka-borweld-smart-40-1-0-2","status":"publish","type":"product","link":"https:\/\/borweld.com\/fr\/sklep\/mobilne-wytaczarki\/mobilna-wytaczarka-borweld-smart-40-1-0-2\/","title":{"rendered":"Wytaczarka mobilna Borweld Smart 40-1.0 (Zestaw standard)"},"content":{"rendered":"<p>Wytaczarka mobilna Borweld Smart 40-1.0 (Zestaw standard). Lekka i kompaktowa przeno\u015bna wytaczarka z pilotem oraz podstawowym zestawem do wytaczania i napawania otwor\u00f3w o \u015brednice fi 42-250mm. Pasuj\u0119 dla tych, kt\u00f3re nie potrzebuj\u0105 naprawia\u0107 trudno dost\u0119pne oraz w\u0105skie miejsca oraz dla rozpaczaj\u0105cych.<\/p>\n<p><img fetchpriority=\"high\" decoding=\"async\" class=\"alignnone wp-image-9168\" src=\"https:\/\/borweld.com\/wp-content\/uploads\/2025\/05\/IMG_0717-2-300x225.webp\" alt=\"Wytaczarka mobilna Borweld Smart 40-1.0\" width=\"726\" height=\"544\" srcset=\"https:\/\/borweld.com\/wp-content\/uploads\/2025\/05\/IMG_0717-2-300x225.webp 300w, https:\/\/borweld.com\/wp-content\/uploads\/2025\/05\/IMG_0717-2-1024x768.webp 1024w, https:\/\/borweld.com\/wp-content\/uploads\/2025\/05\/IMG_0717-2-768x576.webp 768w, https:\/\/borweld.com\/wp-content\/uploads\/2025\/05\/IMG_0717-2-1536x1152.webp 1536w, https:\/\/borweld.com\/wp-content\/uploads\/2025\/05\/IMG_0717-2-2048x1536.webp 2048w, https:\/\/borweld.com\/wp-content\/uploads\/2025\/05\/IMG_0717-2-600x450.webp 600w\" sizes=\"(max-width: 726px) 100vw, 726px\" \/><\/p>\n<p>&nbsp;<\/p>\n<p>Zestaw si\u0119 sk\u0142ada:<\/p>\n<p>Wytaczad\u0142a (\u0142\u0105czone):<br \/>\n* \u00d840 mm, d\u0142ugo\u015b\u0107 1650 mm \u2013 1 szt.<\/p>\n<p>Narz\u0119dzie do toczenia:<br \/>\n* N\u00f3\u017c tokarski (4 rodzaje).<br \/>\n* P\u0142ytka w\u0119glikowa CCMT09T304 \u2013 10 szt.<br \/>\n* \u015arednic\u00f3wka (do 250 mm) \u2013 1 szt.<br \/>\n* Oprawka do rozwiercania do 170 mm \u2013 1 szt.<br \/>\n* Oprawka do rozwiercania do 250 mm \u2013 1 szt.<\/p>\n<p>Monta\u017c:<br \/>\n* 4 mocowania \u0142o\u017cyskowych<br \/>\n* \u0141apy mocowania L=60 mm \u2013 12 szt.<br \/>\n* \u0141apy mocowania L=150 mm \u2013 12 szt.<\/p>\n<p>Centrowanie:<br \/>\n* Pier\u015bcienie centruj\u0105ce \u2013 2 szt<br \/>\n* Szpilki M8\u00d7150 mm \u2013 6 szt<br \/>\n* B\u0142achy centruj\u0105ce 50\u00d726\u00d712mm \u2013 6 szt.<\/p>\n<p>Uk\u0142ad sterowania:<br \/>\n* Pilot sterowniczy \u2013 1 szt.<br \/>\n* Przew\u00f3d sterowniczy \u2013 1 szt.<\/p>\n<p>Zestaw spawalniczy:<br \/>\n* Teleskopowy wa\u0142 spawalniczy: \u00d840 mm, d\u0142ugo\u015b\u0107<br \/>\n1000mm (mo\u017cna roz\u0142o\u017cy\u0107 na \u0142\u0105czn\u0105 d\u0142ugo\u015b\u0107 do 1700 mm) \u2013 1 szt<br \/>\n* Przew\u00f3d z pilotem po\u0142\u0105czeniowy (typ EURO) do spawarki: 3 m \u2013 1 szt<br \/>\n* Palniki i akcesoria:<br \/>\n\u2013 Uchwyt spawalniczy (napawanie otwor\u00f3w fi30-170 mm) \u2013 1 szt.<\/p>\n<p>\u2013 Uchwyt spawalniczy (napawanie otwor\u00f3w fi150-250 mm) \u2013 1 szt.<br \/>\n\u2013 Dysze (\u0142uski) spawalnicze kr\u00f3tkie i d\u0142ugi,<br \/>\n\u2013 Ko\u0144c\u00f3wki pr\u0105dotw\u00f3rcze 0,8\u00d725 mm i 1,0\u00d725 mm<\/p>\n<p>Dodatkowe akcesoria:<br \/>\n* Zestawy kluczy imbusowych i kluczy nasadowych \u2013 1 szt.<br \/>\n* Czujnik z\u0119garowy \u2013 1 szt.<br \/>\n* Uchwyt czujnika zegarowego \u2013 1 szt.<\/p>\n<p>* Suwmiarka elektroniczna \u2013 1 szt.<\/p>\n<p>* Skrzynia transportowa \u2013 1 szt.<\/p>\n<p><iframe title=\"YouTube video player\" src=\"https:\/\/www.youtube.com\/embed\/BvKMOIjIKeg\" width=\"100%\" height=\"450\" frameborder=\"0\" allowfullscreen=\"allowfullscreen\"><br \/>\n<\/iframe><\/p>\n","protected":false},"excerpt":{"rendered":"<p data-start=\"144\" data-end=\"227\">Wytaczarka mobilna Borweld Smart 40-1.0 lekka i kompaktowa z pilotem oraz podstawowym zestawem do wytaczania i napawania otwor\u00f3w o \u015brednice fi 42-250mm<\/p>\n","protected":false},"featured_media":9163,"comment_status":"closed","ping_status":"closed","template":"","meta":{"content-type":"","ocean_post_layout":"","ocean_both_sidebars_style":"","ocean_both_sidebars_content_width":0,"ocean_both_sidebars_sidebars_width":0,"ocean_sidebar":"0","ocean_second_sidebar":"0","ocean_disable_margins":"enable","ocean_add_body_class":"","ocean_shortcode_before_top_bar":"","ocean_shortcode_after_top_bar":"","ocean_shortcode_before_header":"","ocean_shortcode_after_header":"","ocean_has_shortcode":"","ocean_shortcode_after_title":"","ocean_shortcode_before_footer_widgets":"","ocean_shortcode_after_footer_widgets":"","ocean_shortcode_before_footer_bottom":"","ocean_shortcode_after_footer_bottom":"","ocean_display_top_bar":"default","ocean_display_header":"default","ocean_header_style":"","ocean_center_header_left_menu":"0","ocean_custom_header_template":"0","ocean_custom_logo":0,"ocean_custom_retina_logo":0,"ocean_custom_logo_max_width":0,"ocean_custom_logo_tablet_max_width":0,"ocean_custom_logo_mobile_max_width":0,"ocean_custom_logo_max_height":0,"ocean_custom_logo_tablet_max_height":0,"ocean_custom_logo_mobile_max_height":0,"ocean_header_custom_menu":"0","ocean_menu_typo_font_family":"0","ocean_menu_typo_font_subset":"","ocean_menu_typo_font_size":0,"ocean_menu_typo_font_size_tablet":0,"ocean_menu_typo_font_size_mobile":0,"ocean_menu_typo_font_size_unit":"px","ocean_menu_typo_font_weight":"","ocean_menu_typo_font_weight_tablet":"","ocean_menu_typo_font_weight_mobile":"","ocean_menu_typo_transform":"","ocean_menu_typo_transform_tablet":"","ocean_menu_typo_transform_mobile":"","ocean_menu_typo_line_height":0,"ocean_menu_typo_line_height_tablet":0,"ocean_menu_typo_line_height_mobile":0,"ocean_menu_typo_line_height_unit":"","ocean_menu_typo_spacing":0,"ocean_menu_typo_spacing_tablet":0,"ocean_menu_typo_spacing_mobile":0,"ocean_menu_typo_spacing_unit":"","ocean_menu_link_color":"","ocean_menu_link_color_hover":"","ocean_menu_link_color_active":"","ocean_menu_link_background":"","ocean_menu_link_hover_background":"","ocean_menu_link_active_background":"","ocean_menu_social_links_bg":"","ocean_menu_social_hover_links_bg":"","ocean_menu_social_links_color":"","ocean_menu_social_hover_links_color":"","ocean_disable_title":"default","ocean_disable_heading":"default","ocean_post_title":"","ocean_post_subheading":"","ocean_post_title_style":"","ocean_post_title_background_color":"","ocean_post_title_background":0,"ocean_post_title_bg_image_position":"","ocean_post_title_bg_image_attachment":"","ocean_post_title_bg_image_repeat":"","ocean_post_title_bg_image_size":"","ocean_post_title_height":0,"ocean_post_title_bg_overlay":0.5,"ocean_post_title_bg_overlay_color":"","ocean_disable_breadcrumbs":"default","ocean_breadcrumbs_color":"","ocean_breadcrumbs_separator_color":"","ocean_breadcrumbs_links_color":"","ocean_breadcrumbs_links_hover_color":"","ocean_display_footer_widgets":"default","ocean_display_footer_bottom":"default","ocean_custom_footer_template":"0"},"product_brand":[85],"product_cat":[36,90],"product_tag":[86,38],"class_list":{"0":"post-6575","1":"product","2":"type-product","3":"status-publish","4":"has-post-thumbnail","6":"product_brand-borweld","7":"product_cat-mobilne-wytaczarki","8":"product_cat-zestawy-mobilnej-wytaczarki","9":"product_tag-borweld","10":"product_tag-mobilne-wytaczarki","12":"entry","13":"has-media","15":"first","16":"onbackorder","17":"taxable","18":"shipping-taxable","19":"purchasable","20":"product-type-simple","21":"has-product-nav","22":"col","23":"span_1_of_3","24":"owp-content-center","25":"owp-thumbs-layout-horizontal","26":"owp-btn-normal","27":"owp-tabs-layout-horizontal"},"_links":{"self":[{"href":"https:\/\/borweld.com\/fr\/wp-json\/wp\/v2\/product\/6575","targetHints":{"allow":["GET"]}}],"collection":[{"href":"https:\/\/borweld.com\/fr\/wp-json\/wp\/v2\/product"}],"about":[{"href":"https:\/\/borweld.com\/fr\/wp-json\/wp\/v2\/types\/product"}],"replies":[{"embeddable":true,"href":"https:\/\/borweld.com\/fr\/wp-json\/wp\/v2\/comments?post=6575"}],"wp:featuredmedia":[{"embeddable":true,"href":"https:\/\/borweld.com\/fr\/wp-json\/wp\/v2\/media\/9163"}],"wp:attachment":[{"href":"https:\/\/borweld.com\/fr\/wp-json\/wp\/v2\/media?parent=6575"}],"wp:term":[{"taxonomy":"product_brand","embeddable":true,"href":"https:\/\/borweld.com\/fr\/wp-json\/wp\/v2\/product_brand?post=6575"},{"taxonomy":"product_cat","embeddable":true,"href":"https:\/\/borweld.com\/fr\/wp-json\/wp\/v2\/product_cat?post=6575"},{"taxonomy":"product_tag","embeddable":true,"href":"https:\/\/borweld.com\/fr\/wp-json\/wp\/v2\/product_tag?post=6575"}],"curies":[{"name":"wp","href":"https:\/\/api.w.org\/{rel}","templated":true}]}}