{"id":8389,"date":"2025-05-03T13:18:28","date_gmt":"2025-05-03T11:18:28","guid":{"rendered":"https:\/\/borweld.com\/politique-de-confidentialite\/"},"modified":"2025-09-04T16:21:21","modified_gmt":"2025-09-04T14:21:21","slug":"politique-de-confidentialite","status":"publish","type":"page","link":"https:\/\/borweld.com\/fr\/politique-de-confidentialite\/","title":{"rendered":"Politique de confidentialit\u00e9"},"content":{"rendered":"\n<h1 class=\"wp-block-heading\">Politique de confidentialit\u00e9<\/h1>\n\n<p><strong>Date d&rsquo;entr\u00e9e en vigueur : 3 mai 2025.<\/strong><\/p>\n\n<p>Nous respectons votre vie priv\u00e9e. Cette politique de confidentialit\u00e9 explique comment le site web Borweld (borweld.com), exploit\u00e9 par RYHOR MOKRY, recueille, utilise et prot\u00e8ge les informations personnelles que vous fournissez lorsque vous utilisez notre site web. <\/p>\n\n<h3 class=\"wp-block-heading\">1. les informations que nous recueillons<\/h3>\n\n<p>Nous pouvons collecter les donn\u00e9es suivantes :<\/p>\n\n<ul class=\"wp-block-list\">\n<li>Nom<\/li>\n\n\n\n<li>Coordonn\u00e9es (adresse \u00e9lectronique, num\u00e9ro de t\u00e9l\u00e9phone)<\/li>\n\n\n\n<li>Adresse IP, type d&rsquo;appareil, type de navigateur<\/li>\n\n\n\n<li>Donn\u00e9es envoy\u00e9es par le biais de formulaires de contact<\/li>\n\n\n\n<li>l&rsquo;historique de la navigation et l&rsquo;interaction avec l&rsquo;utilisateur (par le biais de cookies et d&rsquo;outils d&rsquo;analyse)<\/li>\n<\/ul>\n\n<h3 class=\"wp-block-heading\">2. l&rsquo;utilisation des donn\u00e9es collect\u00e9es<\/h3>\n\n<p>Nous utilisons les donn\u00e9es pour :<\/p>\n\n<ul class=\"wp-block-list\">\n<li>Communiquer avec vous au sujet de nos services<\/li>\n\n\n\n<li>Traitement des demandes de renseignements des clients<\/li>\n\n\n\n<li>Am\u00e9liorer la qualit\u00e9 de nos services<\/li>\n\n\n\n<li>Analyse du trafic sur le site web et de l&rsquo;efficacit\u00e9 de la publicit\u00e9 (par exemple via Google Analytics et Google Ads)<\/li>\n\n\n\n<li>Respect des obligations l\u00e9gales<\/li>\n<\/ul>\n\n<h3 class=\"wp-block-heading\">3 Base juridique du traitement<\/h3>\n\n<p>Nous traitons vos donn\u00e9es sur la base de :<\/p>\n\n<ul class=\"wp-block-list\">\n<li>Votre consentement (par exemple, lorsque vous soumettez un formulaire)<\/li>\n\n\n\n<li>N\u00e9cessit\u00e9 du contrat<\/li>\n\n\n\n<li>Notre int\u00e9r\u00eat l\u00e9gitime (par exemple, analyse marketing)<\/li>\n\n\n\n<li>Respect de la l\u00e9gislation applicable<\/li>\n<\/ul>\n\n<h3 class=\"wp-block-heading\">4 P\u00e9riode de conservation des donn\u00e9es<\/h3>\n\n<p>Nous ne conserverons vos donn\u00e9es personnelles que pendant la dur\u00e9e n\u00e9cessaire \u00e0 la r\u00e9alisation des objectifs indiqu\u00e9s dans la pr\u00e9sente politique ou exig\u00e9s par la loi.<\/p>\n\n<h3 class=\"wp-block-heading\">5. le partage des donn\u00e9es avec des tiers<\/h3>\n\n<p>Nous ne partageons pas vos donn\u00e9es personnelles avec des tiers sans votre consentement, \u00e0 l&rsquo;exception de :<\/p>\n\n<ul class=\"wp-block-list\">\n<li>Responsables du traitement des donn\u00e9es (par exemple, Google, fournisseurs d&rsquo;h\u00e9bergement)<\/li>\n\n\n\n<li>Lorsque la loi l&rsquo;exige<\/li>\n<\/ul>\n\n<h3 class=\"wp-block-heading\">6 Cookies<\/h3>\n\n<p>Nous utilisons des cookies pour :<\/p>\n\n<ul class=\"wp-block-list\">\n<li>Assurer le bon fonctionnement du site web<\/li>\n\n\n\n<li>Analyse du comportement des utilisateurs<\/li>\n\n\n\n<li>Fourniture de publicit\u00e9 personnalis\u00e9e<\/li>\n<\/ul>\n\n<p>Vous pouvez d\u00e9sactiver les cookies dans les param\u00e8tres de votre navigateur.<\/p>\n\n<h3 class=\"wp-block-heading\">7. vos droits<\/h3>\n\n<p>Vous disposez des droits suivants en vertu du RODO :<\/p>\n\n<ul class=\"wp-block-list\">\n<li>Acc\u00e8s \u00e0 vos donn\u00e9es personnelles<\/li>\n\n\n\n<li>Demande de rectification ou d&rsquo;effacement des donn\u00e9es<\/li>\n\n\n\n<li>Restriction du traitement des donn\u00e9es<\/li>\n\n\n\n<li>Objection au traitement des donn\u00e9es<\/li>\n\n\n\n<li>Transfert de donn\u00e9es<\/li>\n\n\n\n<li>Retrait du consentement \u00e0 tout moment<\/li>\n<\/ul>\n\n<p>Pour exercer vos droits, contactez : <strong><a>info@borweld.com<\/a><\/strong><\/p>\n\n<h3 class=\"wp-block-heading\">8 S\u00e9curit\u00e9 des donn\u00e9es<\/h3>\n\n<p>Nous prenons des mesures raisonnables pour prot\u00e9ger vos donn\u00e9es contre l&rsquo;acc\u00e8s non autoris\u00e9, l&rsquo;alt\u00e9ration, la divulgation ou la destruction.<\/p>\n\n<h3 class=\"wp-block-heading\">9 Modifications de la politique de confidentialit\u00e9<\/h3>\n\n<p>Nous pouvons mettre \u00e0 jour cette politique de temps \u00e0 autre. La version actuelle sera toujours disponible sur notre site web. Nous vous recommandons de consulter r\u00e9guli\u00e8rement cette section.  <\/p>\n\n<h3 class=\"wp-block-heading\">10. Coordonn\u00e9es<\/h3>\n\n<p>Si vous avez des questions concernant cette politique de confidentialit\u00e9, veuillez nous contacter :<\/p>\n\n<p>Borweld \/ RYHOR MOKRY<br\/>Email : info@borweld.com<br\/>T\u00e9l\u00e9phone : +48 536 786 039<\/p>\n\n<p><\/p>\n","protected":false},"excerpt":{"rendered":"<p>Politique de confidentialit\u00e9 Date d&rsquo;entr\u00e9e en vigueur : 3 mai 2025. Nous respectons votre vie priv\u00e9e. Cette politique de confidentialit\u00e9 explique comment le site web Borweld (borweld.com), exploit\u00e9 par RYHOR MOKRY, recueille, utilise et prot\u00e8ge les informations personnelles que vous fournissez lorsque vous utilisez notre site web. 1. les informations que nous recueillons Nous pouvons [&hellip;]<\/p>\n","protected":false},"author":6,"featured_media":0,"parent":0,"menu_order":0,"comment_status":"closed","ping_status":"closed","template":"","meta":{"content-type":"","ocean_post_layout":"","ocean_both_sidebars_style":"","ocean_both_sidebars_content_width":0,"ocean_both_sidebars_sidebars_width":0,"ocean_sidebar":"","ocean_second_sidebar":"","ocean_disable_margins":"enable","ocean_add_body_class":"","ocean_shortcode_before_top_bar":"","ocean_shortcode_after_top_bar":"","ocean_shortcode_before_header":"","ocean_shortcode_after_header":"","ocean_has_shortcode":"","ocean_shortcode_after_title":"","ocean_shortcode_before_footer_widgets":"","ocean_shortcode_after_footer_widgets":"","ocean_shortcode_before_footer_bottom":"","ocean_shortcode_after_footer_bottom":"","ocean_display_top_bar":"default","ocean_display_header":"default","ocean_header_style":"","ocean_center_header_left_menu":"","ocean_custom_header_template":"","ocean_custom_logo":0,"ocean_custom_retina_logo":0,"ocean_custom_logo_max_width":0,"ocean_custom_logo_tablet_max_width":0,"ocean_custom_logo_mobile_max_width":0,"ocean_custom_logo_max_height":0,"ocean_custom_logo_tablet_max_height":0,"ocean_custom_logo_mobile_max_height":0,"ocean_header_custom_menu":"","ocean_menu_typo_font_family":"","ocean_menu_typo_font_subset":"","ocean_menu_typo_font_size":0,"ocean_menu_typo_font_size_tablet":0,"ocean_menu_typo_font_size_mobile":0,"ocean_menu_typo_font_size_unit":"px","ocean_menu_typo_font_weight":"","ocean_menu_typo_font_weight_tablet":"","ocean_menu_typo_font_weight_mobile":"","ocean_menu_typo_transform":"","ocean_menu_typo_transform_tablet":"","ocean_menu_typo_transform_mobile":"","ocean_menu_typo_line_height":0,"ocean_menu_typo_line_height_tablet":0,"ocean_menu_typo_line_height_mobile":0,"ocean_menu_typo_line_height_unit":"","ocean_menu_typo_spacing":0,"ocean_menu_typo_spacing_tablet":0,"ocean_menu_typo_spacing_mobile":0,"ocean_menu_typo_spacing_unit":"","ocean_menu_link_color":"","ocean_menu_link_color_hover":"","ocean_menu_link_color_active":"","ocean_menu_link_background":"","ocean_menu_link_hover_background":"","ocean_menu_link_active_background":"","ocean_menu_social_links_bg":"","ocean_menu_social_hover_links_bg":"","ocean_menu_social_links_color":"","ocean_menu_social_hover_links_color":"","ocean_disable_title":"default","ocean_disable_heading":"default","ocean_post_title":"","ocean_post_subheading":"","ocean_post_title_style":"","ocean_post_title_background_color":"","ocean_post_title_background":0,"ocean_post_title_bg_image_position":"","ocean_post_title_bg_image_attachment":"","ocean_post_title_bg_image_repeat":"","ocean_post_title_bg_image_size":"","ocean_post_title_height":0,"ocean_post_title_bg_overlay":0.5,"ocean_post_title_bg_overlay_color":"","ocean_disable_breadcrumbs":"default","ocean_breadcrumbs_color":"","ocean_breadcrumbs_separator_color":"","ocean_breadcrumbs_links_color":"","ocean_breadcrumbs_links_hover_color":"","ocean_display_footer_widgets":"default","ocean_display_footer_bottom":"default","ocean_custom_footer_template":"","footnotes":""},"class_list":["post-8389","page","type-page","status-publish","hentry","entry","owp-thumbs-layout-horizontal","owp-btn-normal","owp-tabs-layout-horizontal","has-no-thumbnails","has-product-nav"],"_links":{"self":[{"href":"https:\/\/borweld.com\/fr\/wp-json\/wp\/v2\/pages\/8389","targetHints":{"allow":["GET"]}}],"collection":[{"href":"https:\/\/borweld.com\/fr\/wp-json\/wp\/v2\/pages"}],"about":[{"href":"https:\/\/borweld.com\/fr\/wp-json\/wp\/v2\/types\/page"}],"author":[{"embeddable":true,"href":"https:\/\/borweld.com\/fr\/wp-json\/wp\/v2\/users\/6"}],"replies":[{"embeddable":true,"href":"https:\/\/borweld.com\/fr\/wp-json\/wp\/v2\/comments?post=8389"}],"version-history":[{"count":1,"href":"https:\/\/borweld.com\/fr\/wp-json\/wp\/v2\/pages\/8389\/revisions"}],"predecessor-version":[{"id":8390,"href":"https:\/\/borweld.com\/fr\/wp-json\/wp\/v2\/pages\/8389\/revisions\/8390"}],"wp:attachment":[{"href":"https:\/\/borweld.com\/fr\/wp-json\/wp\/v2\/media?parent=8389"}],"curies":[{"name":"wp","href":"https:\/\/api.w.org\/{rel}","templated":true}]}}