{"id":6615,"date":"2025-05-19T12:43:22","date_gmt":"2025-05-19T10:43:22","guid":{"rendered":"https:\/\/borweld.com\/?post_type=product&#038;p=6615"},"modified":"2025-12-12T16:12:57","modified_gmt":"2025-12-12T15:12:57","slug":"noz-do-obrobki-plasczyzn-prawy-fi10mm","status":"publish","type":"product","link":"https:\/\/borweld.com\/es\/sklep\/mobilne-wytaczarki\/produkty-do-wytaczania\/noz-do-obrobki-plasczyzn-prawy-fi10mm\/","title":{"rendered":"N\u00f3\u017c do obr\u00f3bki p\u0142asczyzn prawy fi10mm"},"content":{"rendered":"<p>N\u00f3\u017c do obr\u00f3bki p\u0142asczyzn prawy fi10mm. N\u00f3\u017c do wytacznia otwor\u00f3w oraz obr\u00f3bki p\u0142asczyzn prawy do wa\u0142a fi30mm (\u015brednica no\u017ca fi 10mm) do wytaczarki przeno\u015bnej BORWELD SMART 40-1.0. Nadaje si\u0119 do wytaczania otwor\u00f3w oraz obr\u00f3bki p\u0142asczyzn o \u015brednicy od 32mm<\/p>\n","protected":false},"excerpt":{"rendered":"<p>N\u00f3\u017c do wytacznia otwor\u00f3w oraz obr\u00f3bki p\u0142asczyzn prawy do wa\u0142a fi30mm (\u015brednica no\u017ca fi 10mm) do wytaczarki przeno\u015bnej BORWELD SMART 40-1.0. Nadaje si\u0119 do wytaczania otwor\u00f3w oraz obr\u00f3bki p\u0142asczyzn o \u015brednicy od 32mm<\/p>\n","protected":false},"featured_media":8987,"comment_status":"closed","ping_status":"closed","template":"","meta":{"content-type":"","ocean_post_layout":"","ocean_both_sidebars_style":"","ocean_both_sidebars_content_width":0,"ocean_both_sidebars_sidebars_width":0,"ocean_sidebar":"0","ocean_second_sidebar":"0","ocean_disable_margins":"enable","ocean_add_body_class":"","ocean_shortcode_before_top_bar":"","ocean_shortcode_after_top_bar":"","ocean_shortcode_before_header":"","ocean_shortcode_after_header":"","ocean_has_shortcode":"","ocean_shortcode_after_title":"","ocean_shortcode_before_footer_widgets":"","ocean_shortcode_after_footer_widgets":"","ocean_shortcode_before_footer_bottom":"","ocean_shortcode_after_footer_bottom":"","ocean_display_top_bar":"default","ocean_display_header":"default","ocean_header_style":"","ocean_center_header_left_menu":"0","ocean_custom_header_template":"0","ocean_custom_logo":0,"ocean_custom_retina_logo":0,"ocean_custom_logo_max_width":0,"ocean_custom_logo_tablet_max_width":0,"ocean_custom_logo_mobile_max_width":0,"ocean_custom_logo_max_height":0,"ocean_custom_logo_tablet_max_height":0,"ocean_custom_logo_mobile_max_height":0,"ocean_header_custom_menu":"0","ocean_menu_typo_font_family":"0","ocean_menu_typo_font_subset":"","ocean_menu_typo_font_size":0,"ocean_menu_typo_font_size_tablet":0,"ocean_menu_typo_font_size_mobile":0,"ocean_menu_typo_font_size_unit":"px","ocean_menu_typo_font_weight":"","ocean_menu_typo_font_weight_tablet":"","ocean_menu_typo_font_weight_mobile":"","ocean_menu_typo_transform":"","ocean_menu_typo_transform_tablet":"","ocean_menu_typo_transform_mobile":"","ocean_menu_typo_line_height":0,"ocean_menu_typo_line_height_tablet":0,"ocean_menu_typo_line_height_mobile":0,"ocean_menu_typo_line_height_unit":"","ocean_menu_typo_spacing":0,"ocean_menu_typo_spacing_tablet":0,"ocean_menu_typo_spacing_mobile":0,"ocean_menu_typo_spacing_unit":"","ocean_menu_link_color":"","ocean_menu_link_color_hover":"","ocean_menu_link_color_active":"","ocean_menu_link_background":"","ocean_menu_link_hover_background":"","ocean_menu_link_active_background":"","ocean_menu_social_links_bg":"","ocean_menu_social_hover_links_bg":"","ocean_menu_social_links_color":"","ocean_menu_social_hover_links_color":"","ocean_disable_title":"default","ocean_disable_heading":"default","ocean_post_title":"","ocean_post_subheading":"","ocean_post_title_style":"","ocean_post_title_background_color":"","ocean_post_title_background":0,"ocean_post_title_bg_image_position":"","ocean_post_title_bg_image_attachment":"","ocean_post_title_bg_image_repeat":"","ocean_post_title_bg_image_size":"","ocean_post_title_height":0,"ocean_post_title_bg_overlay":0,"ocean_post_title_bg_overlay_color":"","ocean_disable_breadcrumbs":"default","ocean_breadcrumbs_color":"","ocean_breadcrumbs_separator_color":"","ocean_breadcrumbs_links_color":"","ocean_breadcrumbs_links_hover_color":"","ocean_display_footer_widgets":"default","ocean_display_footer_bottom":"default","ocean_custom_footer_template":"0"},"product_brand":[85],"product_cat":[36,92],"product_tag":[86,38],"class_list":{"0":"post-6615","1":"product","2":"type-product","3":"status-publish","4":"has-post-thumbnail","6":"product_brand-borweld","7":"product_cat-mobilne-wytaczarki","8":"product_cat-produkty-do-wytaczania","9":"product_tag-borweld","10":"product_tag-mobilne-wytaczarki","12":"entry","13":"has-media","15":"first","16":"onbackorder","17":"taxable","18":"shipping-taxable","19":"purchasable","20":"product-type-simple","21":"has-product-nav","22":"col","23":"span_1_of_3","24":"owp-content-center","25":"owp-thumbs-layout-horizontal","26":"owp-btn-normal","27":"owp-tabs-layout-horizontal","28":"has-no-thumbnails"},"_links":{"self":[{"href":"https:\/\/borweld.com\/es\/wp-json\/wp\/v2\/product\/6615","targetHints":{"allow":["GET"]}}],"collection":[{"href":"https:\/\/borweld.com\/es\/wp-json\/wp\/v2\/product"}],"about":[{"href":"https:\/\/borweld.com\/es\/wp-json\/wp\/v2\/types\/product"}],"replies":[{"embeddable":true,"href":"https:\/\/borweld.com\/es\/wp-json\/wp\/v2\/comments?post=6615"}],"wp:featuredmedia":[{"embeddable":true,"href":"https:\/\/borweld.com\/es\/wp-json\/wp\/v2\/media\/8987"}],"wp:attachment":[{"href":"https:\/\/borweld.com\/es\/wp-json\/wp\/v2\/media?parent=6615"}],"wp:term":[{"taxonomy":"product_brand","embeddable":true,"href":"https:\/\/borweld.com\/es\/wp-json\/wp\/v2\/product_brand?post=6615"},{"taxonomy":"product_cat","embeddable":true,"href":"https:\/\/borweld.com\/es\/wp-json\/wp\/v2\/product_cat?post=6615"},{"taxonomy":"product_tag","embeddable":true,"href":"https:\/\/borweld.com\/es\/wp-json\/wp\/v2\/product_tag?post=6615"}],"curies":[{"name":"wp","href":"https:\/\/api.w.org\/{rel}","templated":true}]}}