{"id":10668,"date":"2026-03-25T12:27:11","date_gmt":"2026-03-25T11:27:11","guid":{"rendered":"https:\/\/borweld.com\/?post_type=product&#038;p=10668"},"modified":"2026-03-25T12:43:33","modified_gmt":"2026-03-25T11:43:33","slug":"zestaw-do-prasowania-tulei","status":"publish","type":"product","link":"https:\/\/borweld.com\/es\/sklep\/zestawy-pomocnicze-do-tulejowania\/zestaw-do-prasowania-tulei\/","title":{"rendered":"Zestaw do prasowania tulei 40 mm do 150 mm"},"content":{"rendered":"<h3 data-section-id=\"73ml0c\" data-start=\"151\" data-end=\"214\">Zestaw do prasowania tulei 40 mm do 150 mm (wprasowywanie i wyprasowywanie)<\/h3>\n<p data-start=\"216\" data-end=\"334\">Profesjonalny zestaw przeznaczony do monta\u017cu i demonta\u017cu tulei w maszynach budowlanych, rolniczych oraz przemys\u0142owych.<\/p>\n<p data-start=\"336\" data-end=\"507\">Idealne rozwi\u0105zanie dla serwis\u00f3w mobilnych oraz warsztat\u00f3w, kt\u00f3re potrzebuj\u0105 niezawodnego i mobilnego narz\u0119dzia do regeneracji otwor\u00f3w i pracy ze sworzniami oraz tulejami.<\/p>\n<p data-start=\"509\" data-end=\"567\"><strong data-start=\"509\" data-end=\"526\">Zakres pracy:<\/strong><br data-start=\"526\" data-end=\"529\" \/>\u2714 Tuleje o \u015brednicy od 40 mm do 150 mm<\/p>\n<hr data-start=\"569\" data-end=\"572\" \/>\n<h3 data-section-id=\"1ea6lql\" data-start=\"574\" data-end=\"596\">Co zawiera zestaw:<\/h3>\n<ul data-start=\"598\" data-end=\"825\">\n<li data-section-id=\"1yatzh0\" data-start=\"598\" data-end=\"641\">Elektryczna pompa hydrauliczna \u2013 1 szt.<\/li>\n<li data-section-id=\"oyseuv\" data-start=\"642\" data-end=\"699\">Hydrauliczny si\u0142ownik przelotowy (prasuj\u0105cy) \u2013 1 szt.<\/li>\n<li data-section-id=\"oatnpz\" data-start=\"700\" data-end=\"734\">Szpilka M30 \u00d7 1000 mm \u2013 1 szt.<\/li>\n<li data-section-id=\"d47f8j\" data-start=\"735\" data-end=\"756\">Nakr\u0119tki \u2013 2 szt.<\/li>\n<li data-section-id=\"3953o9\" data-start=\"757\" data-end=\"798\">Sto\u017cki stopniowane (co 5 mm) \u2013 2 szt.<\/li>\n<li data-section-id=\"5g48cc\" data-start=\"799\" data-end=\"825\">P\u0142yta oporowa \u2013 1 szt.<\/li>\n<\/ul>\n<hr data-start=\"827\" data-end=\"830\" \/>\n<h3 data-section-id=\"4zdtby\" data-start=\"832\" data-end=\"851\">Dlaczego warto:<\/h3>\n<p data-start=\"853\" data-end=\"1089\">\u2714 Szybkie i bezpieczne wprasowywanie oraz wyprasowywanie tulei<br data-start=\"915\" data-end=\"918\" \/>\u2714 Kompaktowy zestaw \u2013 idealny do pracy w terenie<br data-start=\"966\" data-end=\"969\" \/>\u2714 Du\u017ca uniwersalno\u015b\u0107 dzi\u0119ki sto\u017ckom stopniowanym<br data-start=\"1017\" data-end=\"1020\" \/>\u2714 Solidna konstrukcja \u2013 przystosowana do pracy w ci\u0119\u017ckich warunkach<\/p>\n<p data-start=\"853\" data-end=\"1089\">\n","protected":false},"excerpt":{"rendered":"<p>Zestaw do prasowania tulei 40 mm do 150 mm (wprasowywanie i wyprasowywanie) Profesjonalny zestaw przeznaczony do monta\u017cu i demonta\u017cu tulei w maszynach budowlanych, rolniczych oraz przemys\u0142owych. Idealne rozwi\u0105zanie dla serwis\u00f3w mobilnych oraz warsztat\u00f3w, kt\u00f3re potrzebuj\u0105 niezawodnego i mobilnego narz\u0119dzia do regeneracji otwor\u00f3w i pracy ze sworzniami oraz tulejami. Zakres pracy:\u2714 Tuleje o \u015brednicy od 40 [&hellip;]<\/p>\n","protected":false},"featured_media":10679,"comment_status":"closed","ping_status":"closed","template":"","meta":{"content-type":"","ocean_post_layout":"","ocean_both_sidebars_style":"","ocean_both_sidebars_content_width":0,"ocean_both_sidebars_sidebars_width":0,"ocean_sidebar":"0","ocean_second_sidebar":"0","ocean_disable_margins":"enable","ocean_add_body_class":"","ocean_shortcode_before_top_bar":"","ocean_shortcode_after_top_bar":"","ocean_shortcode_before_header":"","ocean_shortcode_after_header":"","ocean_has_shortcode":"","ocean_shortcode_after_title":"","ocean_shortcode_before_footer_widgets":"","ocean_shortcode_after_footer_widgets":"","ocean_shortcode_before_footer_bottom":"","ocean_shortcode_after_footer_bottom":"","ocean_display_top_bar":"default","ocean_display_header":"default","ocean_header_style":"","ocean_center_header_left_menu":"0","ocean_custom_header_template":"0","ocean_custom_logo":0,"ocean_custom_retina_logo":0,"ocean_custom_logo_max_width":0,"ocean_custom_logo_tablet_max_width":0,"ocean_custom_logo_mobile_max_width":0,"ocean_custom_logo_max_height":0,"ocean_custom_logo_tablet_max_height":0,"ocean_custom_logo_mobile_max_height":0,"ocean_header_custom_menu":"0","ocean_menu_typo_font_family":"0","ocean_menu_typo_font_subset":"","ocean_menu_typo_font_size":0,"ocean_menu_typo_font_size_tablet":0,"ocean_menu_typo_font_size_mobile":0,"ocean_menu_typo_font_size_unit":"px","ocean_menu_typo_font_weight":"","ocean_menu_typo_font_weight_tablet":"","ocean_menu_typo_font_weight_mobile":"","ocean_menu_typo_transform":"","ocean_menu_typo_transform_tablet":"","ocean_menu_typo_transform_mobile":"","ocean_menu_typo_line_height":0,"ocean_menu_typo_line_height_tablet":0,"ocean_menu_typo_line_height_mobile":0,"ocean_menu_typo_line_height_unit":"","ocean_menu_typo_spacing":0,"ocean_menu_typo_spacing_tablet":0,"ocean_menu_typo_spacing_mobile":0,"ocean_menu_typo_spacing_unit":"","ocean_menu_link_color":"","ocean_menu_link_color_hover":"","ocean_menu_link_color_active":"","ocean_menu_link_background":"","ocean_menu_link_hover_background":"","ocean_menu_link_active_background":"","ocean_menu_social_links_bg":"","ocean_menu_social_hover_links_bg":"","ocean_menu_social_links_color":"","ocean_menu_social_hover_links_color":"","ocean_disable_title":"default","ocean_disable_heading":"default","ocean_post_title":"","ocean_post_subheading":"","ocean_post_title_style":"","ocean_post_title_background_color":"","ocean_post_title_background":0,"ocean_post_title_bg_image_position":"","ocean_post_title_bg_image_attachment":"","ocean_post_title_bg_image_repeat":"","ocean_post_title_bg_image_size":"","ocean_post_title_height":0,"ocean_post_title_bg_overlay":0.5,"ocean_post_title_bg_overlay_color":"","ocean_disable_breadcrumbs":"default","ocean_breadcrumbs_color":"","ocean_breadcrumbs_separator_color":"","ocean_breadcrumbs_links_color":"","ocean_breadcrumbs_links_hover_color":"","ocean_display_footer_widgets":"default","ocean_display_footer_bottom":"default","ocean_custom_footer_template":"0"},"product_brand":[],"product_cat":[94],"product_tag":[],"class_list":{"0":"post-10668","1":"product","2":"type-product","3":"status-publish","4":"has-post-thumbnail","6":"product_cat-zestawy-pomocnicze-do-tulejowania","8":"entry","9":"has-media","11":"first","12":"instock","13":"taxable","14":"shipping-taxable","15":"purchasable","16":"product-type-simple","17":"has-product-nav","18":"col","19":"span_1_of_3","20":"owp-content-center","21":"owp-thumbs-layout-horizontal","22":"owp-btn-normal","23":"owp-tabs-layout-horizontal"},"_links":{"self":[{"href":"https:\/\/borweld.com\/es\/wp-json\/wp\/v2\/product\/10668","targetHints":{"allow":["GET"]}}],"collection":[{"href":"https:\/\/borweld.com\/es\/wp-json\/wp\/v2\/product"}],"about":[{"href":"https:\/\/borweld.com\/es\/wp-json\/wp\/v2\/types\/product"}],"replies":[{"embeddable":true,"href":"https:\/\/borweld.com\/es\/wp-json\/wp\/v2\/comments?post=10668"}],"wp:featuredmedia":[{"embeddable":true,"href":"https:\/\/borweld.com\/es\/wp-json\/wp\/v2\/media\/10679"}],"wp:attachment":[{"href":"https:\/\/borweld.com\/es\/wp-json\/wp\/v2\/media?parent=10668"}],"wp:term":[{"taxonomy":"product_brand","embeddable":true,"href":"https:\/\/borweld.com\/es\/wp-json\/wp\/v2\/product_brand?post=10668"},{"taxonomy":"product_cat","embeddable":true,"href":"https:\/\/borweld.com\/es\/wp-json\/wp\/v2\/product_cat?post=10668"},{"taxonomy":"product_tag","embeddable":true,"href":"https:\/\/borweld.com\/es\/wp-json\/wp\/v2\/product_tag?post=10668"}],"curies":[{"name":"wp","href":"https:\/\/api.w.org\/{rel}","templated":true}]}}