{"id":8391,"date":"2025-05-03T13:18:28","date_gmt":"2025-05-03T11:18:28","guid":{"rendered":"https:\/\/borweld.com\/politica-de-privacidad\/"},"modified":"2025-09-04T16:22:19","modified_gmt":"2025-09-04T14:22:19","slug":"politica-de-privacidad","status":"publish","type":"page","link":"https:\/\/borweld.com\/es\/politica-de-privacidad\/","title":{"rendered":"Pol\u00edtica de privacidad"},"content":{"rendered":"\n<h1 class=\"wp-block-heading\">Pol\u00edtica de privacidad<\/h1>\n\n<p><strong>Fecha de entrada en vigor: 3 de mayo de 2025.<\/strong><\/p>\n\n<p>Respetamos tu privacidad. Esta Pol\u00edtica de Privacidad explica c\u00f3mo el sitio web Borweld (borweld.com), operado por RYHOR MOKRY, recoge, utiliza y protege la informaci\u00f3n personal que proporcionas cuando utilizas nuestro sitio web. <\/p>\n\n<h3 class=\"wp-block-heading\">1. la informaci\u00f3n que recogemos<\/h3>\n\n<p>Podemos recoger los siguientes datos:<\/p>\n\n<ul class=\"wp-block-list\">\n<li>Nombre<\/li>\n\n\n\n<li>Datos de contacto (direcci\u00f3n de correo electr\u00f3nico, n\u00famero de tel\u00e9fono)<\/li>\n\n\n\n<li>Direcci\u00f3n IP, tipo de dispositivo, tipo de navegador<\/li>\n\n\n\n<li>Datos enviados a trav\u00e9s de formularios de contacto<\/li>\n\n\n\n<li>Historial de navegaci\u00f3n e interacci\u00f3n del usuario (a trav\u00e9s de cookies y herramientas de an\u00e1lisis)<\/li>\n<\/ul>\n\n<h3 class=\"wp-block-heading\">2. uso de los datos recogidos<\/h3>\n\n<p>Utilizamos los datos para:<\/p>\n\n<ul class=\"wp-block-list\">\n<li>Comunicaci\u00f3n contigo sobre nuestros servicios<\/li>\n\n\n\n<li>Gestionar las consultas de los clientes<\/li>\n\n\n\n<li>Mejorar la calidad de nuestros servicios<\/li>\n\n\n\n<li>An\u00e1lisis del tr\u00e1fico del sitio web y de la eficacia de la publicidad (por ejemplo, mediante Google Analytics y Google Ads)<\/li>\n\n\n\n<li>Cumplimiento de las obligaciones legales<\/li>\n<\/ul>\n\n<h3 class=\"wp-block-heading\">3 Base jur\u00eddica del tratamiento<\/h3>\n\n<p>Tratamos tus datos sobre la base de:<\/p>\n\n<ul class=\"wp-block-list\">\n<li>Tu consentimiento (por ejemplo, al enviar un formulario)<\/li>\n\n\n\n<li>Necesidad del contrato<\/li>\n\n\n\n<li>Nuestro inter\u00e9s leg\u00edtimo (por ejemplo, an\u00e1lisis de marketing)<\/li>\n\n\n\n<li>Cumplimiento de la legislaci\u00f3n aplicable<\/li>\n<\/ul>\n\n<h3 class=\"wp-block-heading\">4 Per\u00edodo de conservaci\u00f3n de los datos<\/h3>\n\n<p>S\u00f3lo conservaremos tus datos personales durante el tiempo necesario para cumplir los fines indicados en esta pol\u00edtica o exigidos por la ley.<\/p>\n\n<h3 class=\"wp-block-heading\">5. Compartir datos con terceros<\/h3>\n\n<p>No compartimos tus datos personales con terceros sin tu consentimiento, a excepci\u00f3n de:<\/p>\n\n<ul class=\"wp-block-list\">\n<li>Procesadores de datos (por ejemplo, Google, proveedores de alojamiento)<\/li>\n\n\n\n<li>Cuando lo exija la ley<\/li>\n<\/ul>\n\n<h3 class=\"wp-block-heading\">6 Galletas<\/h3>\n\n<p>Utilizamos cookies para:<\/p>\n\n<ul class=\"wp-block-list\">\n<li>Garantizar el correcto funcionamiento del sitio web<\/li>\n\n\n\n<li>An\u00e1lisis del comportamiento de los usuarios<\/li>\n\n\n\n<li>Suministro de publicidad personalizada<\/li>\n<\/ul>\n\n<p>Puedes desactivar las cookies en la configuraci\u00f3n de tu navegador.<\/p>\n\n<h3 class=\"wp-block-heading\">7. Tus derechos<\/h3>\n\n<p>Tienes los siguientes derechos en virtud del RODO:<\/p>\n\n<ul class=\"wp-block-list\">\n<li>Acceso a tus datos personales<\/li>\n\n\n\n<li>Solicitud de rectificaci\u00f3n o supresi\u00f3n de datos<\/li>\n\n\n\n<li>Restricci\u00f3n del tratamiento de datos<\/li>\n\n\n\n<li>Oposici\u00f3n al tratamiento de datos<\/li>\n\n\n\n<li>Transferencia de datos<\/li>\n\n\n\n<li>Retirada del consentimiento en cualquier momento<\/li>\n<\/ul>\n\n<p>Para ejercer tus derechos, ponte en contacto con <strong><a>info@borweld.com<\/a><\/strong><\/p>\n\n<h3 class=\"wp-block-heading\">8 Seguridad de los datos<\/h3>\n\n<p>Tomamos medidas razonables para proteger tus datos contra el acceso no autorizado, la alteraci\u00f3n, la divulgaci\u00f3n o la destrucci\u00f3n.<\/p>\n\n<h3 class=\"wp-block-heading\">9 Cambios en la Pol\u00edtica de Privacidad<\/h3>\n\n<p>Podemos actualizar esta pol\u00edtica de vez en cuando. La versi\u00f3n actual estar\u00e1 siempre disponible en nuestro sitio web. Te recomendamos que consultes esta secci\u00f3n con regularidad.  <\/p>\n\n<h3 class=\"wp-block-heading\">10. datos de contacto<\/h3>\n\n<p>Si tienes preguntas sobre esta Pol\u00edtica de Privacidad, ponte en contacto con nosotros:<\/p>\n\n<p>Borweld \/ RYHOR MOKRY<br\/>Correo electr\u00f3nico: info@borweld.com<br\/>Tel\u00e9fono: +48 536 786 039<\/p>\n\n<p><\/p>\n","protected":false},"excerpt":{"rendered":"<p>Pol\u00edtica de privacidad Fecha de entrada en vigor: 3 de mayo de 2025. Respetamos tu privacidad. Esta Pol\u00edtica de Privacidad explica c\u00f3mo el sitio web Borweld (borweld.com), operado por RYHOR MOKRY, recoge, utiliza y protege la informaci\u00f3n personal que proporcionas cuando utilizas nuestro sitio web. 1. la informaci\u00f3n que recogemos Podemos recoger los siguientes datos: [&hellip;]<\/p>\n","protected":false},"author":6,"featured_media":0,"parent":0,"menu_order":0,"comment_status":"closed","ping_status":"closed","template":"","meta":{"content-type":"","ocean_post_layout":"","ocean_both_sidebars_style":"","ocean_both_sidebars_content_width":0,"ocean_both_sidebars_sidebars_width":0,"ocean_sidebar":"","ocean_second_sidebar":"","ocean_disable_margins":"enable","ocean_add_body_class":"","ocean_shortcode_before_top_bar":"","ocean_shortcode_after_top_bar":"","ocean_shortcode_before_header":"","ocean_shortcode_after_header":"","ocean_has_shortcode":"","ocean_shortcode_after_title":"","ocean_shortcode_before_footer_widgets":"","ocean_shortcode_after_footer_widgets":"","ocean_shortcode_before_footer_bottom":"","ocean_shortcode_after_footer_bottom":"","ocean_display_top_bar":"default","ocean_display_header":"default","ocean_header_style":"","ocean_center_header_left_menu":"","ocean_custom_header_template":"","ocean_custom_logo":0,"ocean_custom_retina_logo":0,"ocean_custom_logo_max_width":0,"ocean_custom_logo_tablet_max_width":0,"ocean_custom_logo_mobile_max_width":0,"ocean_custom_logo_max_height":0,"ocean_custom_logo_tablet_max_height":0,"ocean_custom_logo_mobile_max_height":0,"ocean_header_custom_menu":"","ocean_menu_typo_font_family":"","ocean_menu_typo_font_subset":"","ocean_menu_typo_font_size":0,"ocean_menu_typo_font_size_tablet":0,"ocean_menu_typo_font_size_mobile":0,"ocean_menu_typo_font_size_unit":"px","ocean_menu_typo_font_weight":"","ocean_menu_typo_font_weight_tablet":"","ocean_menu_typo_font_weight_mobile":"","ocean_menu_typo_transform":"","ocean_menu_typo_transform_tablet":"","ocean_menu_typo_transform_mobile":"","ocean_menu_typo_line_height":0,"ocean_menu_typo_line_height_tablet":0,"ocean_menu_typo_line_height_mobile":0,"ocean_menu_typo_line_height_unit":"","ocean_menu_typo_spacing":0,"ocean_menu_typo_spacing_tablet":0,"ocean_menu_typo_spacing_mobile":0,"ocean_menu_typo_spacing_unit":"","ocean_menu_link_color":"","ocean_menu_link_color_hover":"","ocean_menu_link_color_active":"","ocean_menu_link_background":"","ocean_menu_link_hover_background":"","ocean_menu_link_active_background":"","ocean_menu_social_links_bg":"","ocean_menu_social_hover_links_bg":"","ocean_menu_social_links_color":"","ocean_menu_social_hover_links_color":"","ocean_disable_title":"default","ocean_disable_heading":"default","ocean_post_title":"","ocean_post_subheading":"","ocean_post_title_style":"","ocean_post_title_background_color":"","ocean_post_title_background":0,"ocean_post_title_bg_image_position":"","ocean_post_title_bg_image_attachment":"","ocean_post_title_bg_image_repeat":"","ocean_post_title_bg_image_size":"","ocean_post_title_height":0,"ocean_post_title_bg_overlay":0.5,"ocean_post_title_bg_overlay_color":"","ocean_disable_breadcrumbs":"default","ocean_breadcrumbs_color":"","ocean_breadcrumbs_separator_color":"","ocean_breadcrumbs_links_color":"","ocean_breadcrumbs_links_hover_color":"","ocean_display_footer_widgets":"default","ocean_display_footer_bottom":"default","ocean_custom_footer_template":"","footnotes":""},"class_list":["post-8391","page","type-page","status-publish","hentry","entry","owp-thumbs-layout-horizontal","owp-btn-normal","owp-tabs-layout-horizontal","has-no-thumbnails","has-product-nav"],"_links":{"self":[{"href":"https:\/\/borweld.com\/es\/wp-json\/wp\/v2\/pages\/8391","targetHints":{"allow":["GET"]}}],"collection":[{"href":"https:\/\/borweld.com\/es\/wp-json\/wp\/v2\/pages"}],"about":[{"href":"https:\/\/borweld.com\/es\/wp-json\/wp\/v2\/types\/page"}],"author":[{"embeddable":true,"href":"https:\/\/borweld.com\/es\/wp-json\/wp\/v2\/users\/6"}],"replies":[{"embeddable":true,"href":"https:\/\/borweld.com\/es\/wp-json\/wp\/v2\/comments?post=8391"}],"version-history":[{"count":1,"href":"https:\/\/borweld.com\/es\/wp-json\/wp\/v2\/pages\/8391\/revisions"}],"predecessor-version":[{"id":8392,"href":"https:\/\/borweld.com\/es\/wp-json\/wp\/v2\/pages\/8391\/revisions\/8392"}],"wp:attachment":[{"href":"https:\/\/borweld.com\/es\/wp-json\/wp\/v2\/media?parent=8391"}],"curies":[{"name":"wp","href":"https:\/\/api.w.org\/{rel}","templated":true}]}}