{"id":10830,"date":"2026-03-09T15:44:03","date_gmt":"2026-03-09T14:44:03","guid":{"rendered":"https:\/\/borweld.com\/?post_type=product&#038;p=10830"},"modified":"2026-04-03T14:48:21","modified_gmt":"2026-04-03T12:48:21","slug":"zestaw-stozkow-30mm-do-montazu-wrzeciona","status":"publish","type":"product","link":"https:\/\/borweld.com\/en\/sklep\/line-boring-machines\/additional-equipment\/zestaw-stozkow-30mm-do-montazu-wrzeciona\/","title":{"rendered":"Zestaw sto\u017ck\u00f3w centruj\u0105cych 30mm  do monta\u017cu wrzeciona"},"content":{"rendered":"<h3 data-section-id=\"1c19nz9\" data-start=\"148\" data-end=\"214\">Zestaw sto\u017ck\u00f3w centruj\u0105cych \u00d830 mm (para) do monta\u017cu wrzeciona<\/h3>\n<p data-start=\"216\" data-end=\"309\">Zestaw sto\u017ck\u00f3w przeznaczony do precyzyjnego ustawienia i centrowania wrzeciona podczas pracy.<\/p>\n<p data-start=\"311\" data-end=\"435\">Zapewnia stabilne i dok\u0142adne pozycjonowanie wrzeciona w osi regenerowanego otworu, co bezpo\u015brednio wp\u0142ywa na jako\u015b\u0107 obr\u00f3bki.<\/p>\n<hr data-start=\"437\" data-end=\"440\" \/>\n<h3 data-section-id=\"3jsq31\" data-start=\"442\" data-end=\"459\">Specyfikacja:<\/h3>\n<ul data-start=\"461\" data-end=\"546\">\n<li data-section-id=\"2g5hol\" data-start=\"461\" data-end=\"481\">\u015arednica: \u00d830 mm<\/li>\n<li data-section-id=\"1soaau\" data-start=\"482\" data-end=\"506\">Ilo\u015b\u0107: 2 szt. (para)<\/li>\n<li data-section-id=\"it5j3g\" data-start=\"507\" data-end=\"546\">Zastosowanie: centrowanie wrzeciona<\/li>\n<\/ul>\n<hr data-start=\"548\" data-end=\"551\" \/>\n<h3 data-section-id=\"4e82iv\" data-start=\"553\" data-end=\"570\">Zastosowanie:<\/h3>\n<p data-start=\"572\" data-end=\"677\">\u2714 Ustawienie wrzeciona w osi otworu<br data-start=\"607\" data-end=\"610\" \/>\u2714 Regeneracja otwor\u00f3w pod sworze\u0144<br data-start=\"643\" data-end=\"646\" \/>\u2714 Prace mobilne i warsztatowe<\/p>\n<hr data-start=\"679\" data-end=\"682\" \/>\n<h3 data-section-id=\"lvp9ib\" data-start=\"684\" data-end=\"695\">Zalety:<\/h3>\n<p data-start=\"697\" data-end=\"851\">\u2714 Wysoka precyzja centrowania<br data-start=\"726\" data-end=\"729\" \/>\u2714 Szybki monta\u017c i demonta\u017c<br data-start=\"755\" data-end=\"758\" \/>\u2714 Sto\u017cki czernione \u2013 zabezpieczone przed korozj\u0105<br data-start=\"806\" data-end=\"809\" \/>\u2714 Solidna konstrukcja odporna na zu\u017cycie<\/p>\n","protected":false},"excerpt":{"rendered":"<p>Zestaw sto\u017ck\u00f3w centruj\u0105cych \u00d830 mm (para) do monta\u017cu wrzeciona Zestaw sto\u017ck\u00f3w przeznaczony do precyzyjnego ustawienia i centrowania wrzeciona podczas pracy. Zapewnia stabilne i dok\u0142adne pozycjonowanie wrzeciona w osi regenerowanego otworu, co bezpo\u015brednio wp\u0142ywa na jako\u015b\u0107 obr\u00f3bki. Specyfikacja: \u015arednica: \u00d830 mm Ilo\u015b\u0107: 2 szt. (para) Zastosowanie: centrowanie wrzeciona Zastosowanie: \u2714 Ustawienie wrzeciona w osi otworu\u2714 Regeneracja [&hellip;]<\/p>\n","protected":false},"featured_media":10831,"comment_status":"closed","ping_status":"closed","template":"","meta":{"content-type":"","ocean_post_layout":"","ocean_both_sidebars_style":"","ocean_both_sidebars_content_width":0,"ocean_both_sidebars_sidebars_width":0,"ocean_sidebar":"0","ocean_second_sidebar":"0","ocean_disable_margins":"enable","ocean_add_body_class":"","ocean_shortcode_before_top_bar":"","ocean_shortcode_after_top_bar":"","ocean_shortcode_before_header":"","ocean_shortcode_after_header":"","ocean_has_shortcode":"","ocean_shortcode_after_title":"","ocean_shortcode_before_footer_widgets":"","ocean_shortcode_after_footer_widgets":"","ocean_shortcode_before_footer_bottom":"","ocean_shortcode_after_footer_bottom":"","ocean_display_top_bar":"default","ocean_display_header":"default","ocean_header_style":"","ocean_center_header_left_menu":"0","ocean_custom_header_template":"0","ocean_custom_logo":0,"ocean_custom_retina_logo":0,"ocean_custom_logo_max_width":0,"ocean_custom_logo_tablet_max_width":0,"ocean_custom_logo_mobile_max_width":0,"ocean_custom_logo_max_height":0,"ocean_custom_logo_tablet_max_height":0,"ocean_custom_logo_mobile_max_height":0,"ocean_header_custom_menu":"0","ocean_menu_typo_font_family":"0","ocean_menu_typo_font_subset":"","ocean_menu_typo_font_size":0,"ocean_menu_typo_font_size_tablet":0,"ocean_menu_typo_font_size_mobile":0,"ocean_menu_typo_font_size_unit":"px","ocean_menu_typo_font_weight":"","ocean_menu_typo_font_weight_tablet":"","ocean_menu_typo_font_weight_mobile":"","ocean_menu_typo_transform":"","ocean_menu_typo_transform_tablet":"","ocean_menu_typo_transform_mobile":"","ocean_menu_typo_line_height":0,"ocean_menu_typo_line_height_tablet":0,"ocean_menu_typo_line_height_mobile":0,"ocean_menu_typo_line_height_unit":"","ocean_menu_typo_spacing":0,"ocean_menu_typo_spacing_tablet":0,"ocean_menu_typo_spacing_mobile":0,"ocean_menu_typo_spacing_unit":"","ocean_menu_link_color":"","ocean_menu_link_color_hover":"","ocean_menu_link_color_active":"","ocean_menu_link_background":"","ocean_menu_link_hover_background":"","ocean_menu_link_active_background":"","ocean_menu_social_links_bg":"","ocean_menu_social_hover_links_bg":"","ocean_menu_social_links_color":"","ocean_menu_social_hover_links_color":"","ocean_disable_title":"default","ocean_disable_heading":"default","ocean_post_title":"","ocean_post_subheading":"","ocean_post_title_style":"","ocean_post_title_background_color":"","ocean_post_title_background":0,"ocean_post_title_bg_image_position":"","ocean_post_title_bg_image_attachment":"","ocean_post_title_bg_image_repeat":"","ocean_post_title_bg_image_size":"","ocean_post_title_height":0,"ocean_post_title_bg_overlay":0.5,"ocean_post_title_bg_overlay_color":"","ocean_disable_breadcrumbs":"default","ocean_breadcrumbs_color":"","ocean_breadcrumbs_separator_color":"","ocean_breadcrumbs_links_color":"","ocean_breadcrumbs_links_hover_color":"","ocean_display_footer_widgets":"default","ocean_display_footer_bottom":"default","ocean_custom_footer_template":"0"},"product_brand":[],"product_cat":[93],"product_tag":[],"class_list":{"0":"post-10830","1":"product","2":"type-product","3":"status-publish","4":"has-post-thumbnail","6":"product_cat-dodatkowe-elementy-wyposazenia","8":"entry","9":"has-media","11":"first","12":"instock","13":"taxable","14":"shipping-taxable","15":"purchasable","16":"product-type-simple","17":"has-product-nav","18":"col","19":"span_1_of_3","20":"owp-content-center","21":"owp-thumbs-layout-horizontal","22":"owp-btn-normal","23":"owp-tabs-layout-horizontal","24":"has-no-thumbnails"},"_links":{"self":[{"href":"https:\/\/borweld.com\/en\/wp-json\/wp\/v2\/product\/10830","targetHints":{"allow":["GET"]}}],"collection":[{"href":"https:\/\/borweld.com\/en\/wp-json\/wp\/v2\/product"}],"about":[{"href":"https:\/\/borweld.com\/en\/wp-json\/wp\/v2\/types\/product"}],"replies":[{"embeddable":true,"href":"https:\/\/borweld.com\/en\/wp-json\/wp\/v2\/comments?post=10830"}],"wp:featuredmedia":[{"embeddable":true,"href":"https:\/\/borweld.com\/en\/wp-json\/wp\/v2\/media\/10831"}],"wp:attachment":[{"href":"https:\/\/borweld.com\/en\/wp-json\/wp\/v2\/media?parent=10830"}],"wp:term":[{"taxonomy":"product_brand","embeddable":true,"href":"https:\/\/borweld.com\/en\/wp-json\/wp\/v2\/product_brand?post=10830"},{"taxonomy":"product_cat","embeddable":true,"href":"https:\/\/borweld.com\/en\/wp-json\/wp\/v2\/product_cat?post=10830"},{"taxonomy":"product_tag","embeddable":true,"href":"https:\/\/borweld.com\/en\/wp-json\/wp\/v2\/product_tag?post=10830"}],"curies":[{"name":"wp","href":"https:\/\/api.w.org\/{rel}","templated":true}]}}