{"id":6810,"date":"2025-03-26T12:51:11","date_gmt":"2025-03-26T11:51:11","guid":{"rendered":"https:\/\/borweld.com\/cart\/"},"modified":"2025-05-29T11:10:16","modified_gmt":"2025-05-29T09:10:16","slug":"cart","status":"publish","type":"page","link":"https:\/\/borweld.com\/en\/cart\/","title":{"rendered":"Cart"},"content":{"rendered":"\n<div data-block-name=\"woocommerce\/cart\" class=\"wp-block-woocommerce-cart alignwide is-loading\">\n<div data-block-name=\"woocommerce\/filled-cart-block\" class=\"wp-block-woocommerce-filled-cart-block\">\n<div data-block-name=\"woocommerce\/cart-items-block\" class=\"wp-block-woocommerce-cart-items-block\">\n<div data-block-name=\"woocommerce\/cart-line-items-block\" class=\"wp-block-woocommerce-cart-line-items-block\"><\/div>\n\n\n\n<div data-block-name=\"woocommerce\/cart-cross-sells-block\" class=\"wp-block-woocommerce-cart-cross-sells-block\">\n<h2 class=\"wp-block-heading has-large-font-size\">You may be interested in\u2026<\/h2>\n\n\n\n<div data-block-name=\"woocommerce\/cart-cross-sells-products-block\" class=\"wp-block-woocommerce-cart-cross-sells-products-block\"><\/div>\n<\/div>\n<\/div>\n\n\n\n<div data-block-name=\"woocommerce\/cart-totals-block\" class=\"wp-block-woocommerce-cart-totals-block\">\n<div data-block-name=\"woocommerce\/cart-order-summary-block\" class=\"wp-block-woocommerce-cart-order-summary-block\">\n<div data-block-name=\"woocommerce\/cart-order-summary-heading-block\" class=\"wp-block-woocommerce-cart-order-summary-heading-block\"><\/div><div data-block-name=\"woocommerce\/cart-order-summary-coupon-form-block\" class=\"wp-block-woocommerce-cart-order-summary-coupon-form-block\"><\/div><div data-block-name=\"woocommerce\/cart-order-summary-totals-block\" class=\"wp-block-woocommerce-cart-order-summary-totals-block\">\n<div data-block-name=\"woocommerce\/cart-order-summary-subtotal-block\" class=\"wp-block-woocommerce-cart-order-summary-subtotal-block\"><\/div>\n<div data-block-name=\"woocommerce\/cart-order-summary-discount-block\" class=\"wp-block-woocommerce-cart-order-summary-discount-block\"><\/div>\n<div data-block-name=\"woocommerce\/cart-order-summary-fee-block\" class=\"wp-block-woocommerce-cart-order-summary-fee-block\"><\/div>\n<div data-block-name=\"woocommerce\/cart-order-summary-shipping-block\" class=\"wp-block-woocommerce-cart-order-summary-shipping-block\"><\/div>\n<div data-block-name=\"woocommerce\/cart-order-summary-taxes-block\" class=\"wp-block-woocommerce-cart-order-summary-taxes-block\"><\/div><\/div>\n<\/div>\n\n\n\n<div data-block-name=\"woocommerce\/cart-express-payment-block\" class=\"wp-block-woocommerce-cart-express-payment-block\"><\/div>\n\n\n\n<div data-block-name=\"woocommerce\/proceed-to-checkout-block\" class=\"wp-block-woocommerce-proceed-to-checkout-block\"><\/div>\n\n\n\n<div data-block-name=\"woocommerce\/cart-accepted-payment-methods-block\" class=\"wp-block-woocommerce-cart-accepted-payment-methods-block\"><\/div>\n<\/div>\n<\/div>\n\n\n\n<div data-block-name=\"woocommerce\/empty-cart-block\" class=\"wp-block-woocommerce-empty-cart-block\">\n<h2 class=\"wp-block-heading has-text-align-center with-empty-cart-icon wc-block-cart__empty-cart__title\">Your cart is currently empty!<\/h2>\n\n\n\n<hr class=\"wp-block-separator has-alpha-channel-opacity is-style-dots\"\/>\n\n\n\n<h2 class=\"wp-block-heading has-text-align-center\">New in store<\/h2>\n\n\n<div data-block-name=\"woocommerce\/product-new\" data-columns=\"4\" data-rows=\"1\" class=\"wc-block-grid wp-block-product-new wp-block-woocommerce-product-new wc-block-product-new has-4-columns\"><ul class=\"wc-block-grid__products\"><li class=\"wc-block-grid__product\">\n\t\t\t\t<a href=\"https:\/\/borweld.com\/en\/sklep\/mobilne-wytaczarki\/%e2%81%a0produkty-spawalnicze\/koncowka-pradowa-m6x20-10-mm-mb15-zestaw-10-szt\/\" class=\"wc-block-grid__product-link\">\n\t\t\t\t\t\n\t\t\t\t\t<div class=\"wc-block-grid__product-image\"><img fetchpriority=\"high\" decoding=\"async\" width=\"300\" height=\"300\" src=\"https:\/\/borweld.com\/wp-content\/uploads\/2026\/04\/IMG_2375-300x300.webp\" class=\"attachment-woocommerce_thumbnail size-woocommerce_thumbnail\" alt=\"Ko\u0144c\u00f3wka pr\u0105dowa M6x20 1,0 mm\" srcset=\"https:\/\/borweld.com\/wp-content\/uploads\/2026\/04\/IMG_2375-300x300.webp 300w, https:\/\/borweld.com\/wp-content\/uploads\/2026\/04\/IMG_2375-1024x1024.webp 1024w, https:\/\/borweld.com\/wp-content\/uploads\/2026\/04\/IMG_2375-150x150.webp 150w, https:\/\/borweld.com\/wp-content\/uploads\/2026\/04\/IMG_2375-768x768.webp 768w, https:\/\/borweld.com\/wp-content\/uploads\/2026\/04\/IMG_2375-1536x1536.webp 1536w, https:\/\/borweld.com\/wp-content\/uploads\/2026\/04\/IMG_2375-2048x2048.webp 2048w, https:\/\/borweld.com\/wp-content\/uploads\/2026\/04\/IMG_2375-600x600.webp 600w, https:\/\/borweld.com\/wp-content\/uploads\/2026\/04\/IMG_2375-100x100.webp 100w\" sizes=\"(max-width: 300px) 100vw, 300px\" \/><\/div>\n\t\t\t\t\t<div class=\"wc-block-grid__product-title\">Ko\u0144c\u00f3wka pr\u0105dowa M6x20 1,0 mm MB15 &#8211; zestaw (10 szt)<\/div>\n\t\t\t\t<\/a>\n\t\t\t\t<div class=\"wc-block-grid__product-price price\"><span class=\"woocommerce-Price-amount amount\">24,00&nbsp;<span class=\"woocommerce-Price-currencySymbol\">&euro;<\/span><\/span> <small class=\"woocommerce-price-suffix\">netto<\/small><\/div>\n\t\t\t\t\n\t\t\t\t<div class=\"wp-block-button wc-block-grid__product-add-to-cart\"><a href=\"\/en\/wp-json\/wp\/v2\/pages\/6810?add-to-cart=11439\" aria-label=\"Add to cart: &ldquo;Ko\u0144c\u00f3wka pr\u0105dowa M6x20 1,0 mm MB15 - zestaw (10 szt)&rdquo;\" data-quantity=\"1\" data-product_id=\"11439\" data-product_sku=\"\" data-price=\"24\" rel=\"nofollow\" class=\"wp-block-button__link  add_to_cart_button ajax_add_to_cart\">Add to cart<\/a><\/div>\n\t\t\t<\/li><li class=\"wc-block-grid__product\">\n\t\t\t\t<a href=\"https:\/\/borweld.com\/en\/sklep\/mobilne-wytaczarki\/%e2%81%a0produkty-spawalnicze\/koncowka-pradowa-m6x20-08-mm-mb15-zestaw-10-szt\/\" class=\"wc-block-grid__product-link\">\n\t\t\t\t\t\n\t\t\t\t\t<div class=\"wc-block-grid__product-image\"><img decoding=\"async\" width=\"300\" height=\"300\" src=\"https:\/\/borweld.com\/wp-content\/uploads\/2026\/04\/IMG_2378-300x300.webp\" class=\"attachment-woocommerce_thumbnail size-woocommerce_thumbnail\" alt=\"Ko\u0144c\u00f3wka pr\u0105dowa M6x20 0,8 mm\" srcset=\"https:\/\/borweld.com\/wp-content\/uploads\/2026\/04\/IMG_2378-300x300.webp 300w, https:\/\/borweld.com\/wp-content\/uploads\/2026\/04\/IMG_2378-1024x1024.webp 1024w, https:\/\/borweld.com\/wp-content\/uploads\/2026\/04\/IMG_2378-150x150.webp 150w, https:\/\/borweld.com\/wp-content\/uploads\/2026\/04\/IMG_2378-768x768.webp 768w, https:\/\/borweld.com\/wp-content\/uploads\/2026\/04\/IMG_2378-1536x1536.webp 1536w, https:\/\/borweld.com\/wp-content\/uploads\/2026\/04\/IMG_2378-2048x2048.webp 2048w, https:\/\/borweld.com\/wp-content\/uploads\/2026\/04\/IMG_2378-600x600.webp 600w, https:\/\/borweld.com\/wp-content\/uploads\/2026\/04\/IMG_2378-100x100.webp 100w\" sizes=\"(max-width: 300px) 100vw, 300px\" \/><\/div>\n\t\t\t\t\t<div class=\"wc-block-grid__product-title\">Ko\u0144c\u00f3wka pr\u0105dowa M6x20 0,8 mm MB15 &#8211; zestaw (10 szt)<\/div>\n\t\t\t\t<\/a>\n\t\t\t\t<div class=\"wc-block-grid__product-price price\"><span class=\"woocommerce-Price-amount amount\">24,00&nbsp;<span class=\"woocommerce-Price-currencySymbol\">&euro;<\/span><\/span> <small class=\"woocommerce-price-suffix\">netto<\/small><\/div>\n\t\t\t\t\n\t\t\t\t<div class=\"wp-block-button wc-block-grid__product-add-to-cart\"><a href=\"\/en\/wp-json\/wp\/v2\/pages\/6810?add-to-cart=11438\" aria-label=\"Add to cart: &ldquo;Ko\u0144c\u00f3wka pr\u0105dowa M6x20 0,8 mm MB15 - zestaw (10 szt)&rdquo;\" data-quantity=\"1\" data-product_id=\"11438\" data-product_sku=\"\" data-price=\"24\" rel=\"nofollow\" class=\"wp-block-button__link  add_to_cart_button ajax_add_to_cart\">Add to cart<\/a><\/div>\n\t\t\t<\/li><li class=\"wc-block-grid__product\">\n\t\t\t\t<a href=\"https:\/\/borweld.com\/en\/sklep\/mobilne-wytaczarki\/%e2%81%a0produkty-spawalnicze\/koncowka-pradowa-m6x12-10-mm-mb15-zestaw-10-szt\/\" class=\"wc-block-grid__product-link\">\n\t\t\t\t\t\n\t\t\t\t\t<div class=\"wc-block-grid__product-image\"><img decoding=\"async\" width=\"300\" height=\"300\" src=\"https:\/\/borweld.com\/wp-content\/uploads\/2026\/04\/IMG_2380-300x300.webp\" class=\"attachment-woocommerce_thumbnail size-woocommerce_thumbnail\" alt=\"Ko\u0144c\u00f3wka pr\u0105dowa M6x12 1,0mm\" srcset=\"https:\/\/borweld.com\/wp-content\/uploads\/2026\/04\/IMG_2380-300x300.webp 300w, https:\/\/borweld.com\/wp-content\/uploads\/2026\/04\/IMG_2380-1024x1024.webp 1024w, https:\/\/borweld.com\/wp-content\/uploads\/2026\/04\/IMG_2380-150x150.webp 150w, https:\/\/borweld.com\/wp-content\/uploads\/2026\/04\/IMG_2380-768x768.webp 768w, https:\/\/borweld.com\/wp-content\/uploads\/2026\/04\/IMG_2380-1536x1536.webp 1536w, https:\/\/borweld.com\/wp-content\/uploads\/2026\/04\/IMG_2380-2048x2048.webp 2048w, https:\/\/borweld.com\/wp-content\/uploads\/2026\/04\/IMG_2380-600x600.webp 600w, https:\/\/borweld.com\/wp-content\/uploads\/2026\/04\/IMG_2380-100x100.webp 100w\" sizes=\"(max-width: 300px) 100vw, 300px\" \/><\/div>\n\t\t\t\t\t<div class=\"wc-block-grid__product-title\">Ko\u0144c\u00f3wka pr\u0105dowa M6x12 1,0 mm MB15 &#8211; zestaw (10 szt)<\/div>\n\t\t\t\t<\/a>\n\t\t\t\t<div class=\"wc-block-grid__product-price price\"><span class=\"woocommerce-Price-amount amount\">24,00&nbsp;<span class=\"woocommerce-Price-currencySymbol\">&euro;<\/span><\/span> <small class=\"woocommerce-price-suffix\">netto<\/small><\/div>\n\t\t\t\t\n\t\t\t\t<div class=\"wp-block-button wc-block-grid__product-add-to-cart\"><a href=\"\/en\/wp-json\/wp\/v2\/pages\/6810?add-to-cart=11437\" aria-label=\"Add to cart: &ldquo;Ko\u0144c\u00f3wka pr\u0105dowa M6x12 1,0 mm MB15 - zestaw (10 szt)&rdquo;\" data-quantity=\"1\" data-product_id=\"11437\" data-product_sku=\"\" data-price=\"24\" rel=\"nofollow\" class=\"wp-block-button__link  add_to_cart_button ajax_add_to_cart\">Add to cart<\/a><\/div>\n\t\t\t<\/li><li class=\"wc-block-grid__product\">\n\t\t\t\t<a href=\"https:\/\/borweld.com\/en\/sklep\/mobilne-wytaczarki\/%e2%81%a0produkty-spawalnicze\/koncowka-pradowa-m6x12-08-mm-mb15-zestaw-10-szt\/\" class=\"wc-block-grid__product-link\">\n\t\t\t\t\t\n\t\t\t\t\t<div class=\"wc-block-grid__product-image\"><img loading=\"lazy\" decoding=\"async\" width=\"300\" height=\"300\" src=\"https:\/\/borweld.com\/wp-content\/uploads\/2026\/04\/IMG_2382-300x300.webp\" class=\"attachment-woocommerce_thumbnail size-woocommerce_thumbnail\" alt=\"Ko\u0144c\u00f3wka pr\u0105dowa M6x12 0,8mm\" srcset=\"https:\/\/borweld.com\/wp-content\/uploads\/2026\/04\/IMG_2382-300x300.webp 300w, https:\/\/borweld.com\/wp-content\/uploads\/2026\/04\/IMG_2382-1024x1024.webp 1024w, https:\/\/borweld.com\/wp-content\/uploads\/2026\/04\/IMG_2382-150x150.webp 150w, https:\/\/borweld.com\/wp-content\/uploads\/2026\/04\/IMG_2382-768x768.webp 768w, https:\/\/borweld.com\/wp-content\/uploads\/2026\/04\/IMG_2382-1536x1536.webp 1536w, https:\/\/borweld.com\/wp-content\/uploads\/2026\/04\/IMG_2382-2048x2048.webp 2048w, https:\/\/borweld.com\/wp-content\/uploads\/2026\/04\/IMG_2382-600x600.webp 600w, https:\/\/borweld.com\/wp-content\/uploads\/2026\/04\/IMG_2382-100x100.webp 100w\" sizes=\"(max-width: 300px) 100vw, 300px\" \/><\/div>\n\t\t\t\t\t<div class=\"wc-block-grid__product-title\">Ko\u0144c\u00f3wka pr\u0105dowa M6x12 0,8 mm MB15 &#8211; zestaw (10 szt)<\/div>\n\t\t\t\t<\/a>\n\t\t\t\t<div class=\"wc-block-grid__product-price price\"><span class=\"woocommerce-Price-amount amount\">24,00&nbsp;<span class=\"woocommerce-Price-currencySymbol\">&euro;<\/span><\/span> <small class=\"woocommerce-price-suffix\">netto<\/small><\/div>\n\t\t\t\t\n\t\t\t\t<div class=\"wp-block-button wc-block-grid__product-add-to-cart\"><a href=\"\/en\/wp-json\/wp\/v2\/pages\/6810?add-to-cart=11436\" aria-label=\"Add to cart: &ldquo;Ko\u0144c\u00f3wka pr\u0105dowa M6x12 0,8 mm MB15 - zestaw (10 szt)&rdquo;\" data-quantity=\"1\" data-product_id=\"11436\" data-product_sku=\"\" data-price=\"24\" rel=\"nofollow\" class=\"wp-block-button__link  add_to_cart_button ajax_add_to_cart\">Add to cart<\/a><\/div>\n\t\t\t<\/li><\/ul><\/div><\/div>\n<\/div>\n","protected":false},"excerpt":{"rendered":"","protected":false},"author":6,"featured_media":0,"parent":0,"menu_order":0,"comment_status":"closed","ping_status":"closed","template":"","meta":{"content-type":"","ocean_post_layout":"","ocean_both_sidebars_style":"","ocean_both_sidebars_content_width":0,"ocean_both_sidebars_sidebars_width":0,"ocean_sidebar":"","ocean_second_sidebar":"","ocean_disable_margins":"enable","ocean_add_body_class":"","ocean_shortcode_before_top_bar":"","ocean_shortcode_after_top_bar":"","ocean_shortcode_before_header":"","ocean_shortcode_after_header":"","ocean_has_shortcode":"","ocean_shortcode_after_title":"","ocean_shortcode_before_footer_widgets":"","ocean_shortcode_after_footer_widgets":"","ocean_shortcode_before_footer_bottom":"","ocean_shortcode_after_footer_bottom":"","ocean_display_top_bar":"default","ocean_display_header":"default","ocean_header_style":"","ocean_center_header_left_menu":"","ocean_custom_header_template":"","ocean_custom_logo":0,"ocean_custom_retina_logo":0,"ocean_custom_logo_max_width":0,"ocean_custom_logo_tablet_max_width":0,"ocean_custom_logo_mobile_max_width":0,"ocean_custom_logo_max_height":0,"ocean_custom_logo_tablet_max_height":0,"ocean_custom_logo_mobile_max_height":0,"ocean_header_custom_menu":"","ocean_menu_typo_font_family":"","ocean_menu_typo_font_subset":"","ocean_menu_typo_font_size":0,"ocean_menu_typo_font_size_tablet":0,"ocean_menu_typo_font_size_mobile":0,"ocean_menu_typo_font_size_unit":"px","ocean_menu_typo_font_weight":"","ocean_menu_typo_font_weight_tablet":"","ocean_menu_typo_font_weight_mobile":"","ocean_menu_typo_transform":"","ocean_menu_typo_transform_tablet":"","ocean_menu_typo_transform_mobile":"","ocean_menu_typo_line_height":0,"ocean_menu_typo_line_height_tablet":0,"ocean_menu_typo_line_height_mobile":0,"ocean_menu_typo_line_height_unit":"","ocean_menu_typo_spacing":0,"ocean_menu_typo_spacing_tablet":0,"ocean_menu_typo_spacing_mobile":0,"ocean_menu_typo_spacing_unit":"","ocean_menu_link_color":"","ocean_menu_link_color_hover":"","ocean_menu_link_color_active":"","ocean_menu_link_background":"","ocean_menu_link_hover_background":"","ocean_menu_link_active_background":"","ocean_menu_social_links_bg":"","ocean_menu_social_hover_links_bg":"","ocean_menu_social_links_color":"","ocean_menu_social_hover_links_color":"","ocean_disable_title":"default","ocean_disable_heading":"default","ocean_post_title":"","ocean_post_subheading":"","ocean_post_title_style":"","ocean_post_title_background_color":"","ocean_post_title_background":0,"ocean_post_title_bg_image_position":"","ocean_post_title_bg_image_attachment":"","ocean_post_title_bg_image_repeat":"","ocean_post_title_bg_image_size":"","ocean_post_title_height":0,"ocean_post_title_bg_overlay":0.5,"ocean_post_title_bg_overlay_color":"","ocean_disable_breadcrumbs":"default","ocean_breadcrumbs_color":"","ocean_breadcrumbs_separator_color":"","ocean_breadcrumbs_links_color":"","ocean_breadcrumbs_links_hover_color":"","ocean_display_footer_widgets":"default","ocean_display_footer_bottom":"default","ocean_custom_footer_template":"","footnotes":""},"class_list":["post-6810","page","type-page","status-publish","hentry","entry","owp-thumbs-layout-horizontal","owp-btn-normal","owp-tabs-layout-horizontal","has-no-thumbnails","has-product-nav"],"_links":{"self":[{"href":"https:\/\/borweld.com\/en\/wp-json\/wp\/v2\/pages\/6810","targetHints":{"allow":["GET"]}}],"collection":[{"href":"https:\/\/borweld.com\/en\/wp-json\/wp\/v2\/pages"}],"about":[{"href":"https:\/\/borweld.com\/en\/wp-json\/wp\/v2\/types\/page"}],"author":[{"embeddable":true,"href":"https:\/\/borweld.com\/en\/wp-json\/wp\/v2\/users\/6"}],"replies":[{"embeddable":true,"href":"https:\/\/borweld.com\/en\/wp-json\/wp\/v2\/comments?post=6810"}],"version-history":[{"count":0,"href":"https:\/\/borweld.com\/en\/wp-json\/wp\/v2\/pages\/6810\/revisions"}],"wp:attachment":[{"href":"https:\/\/borweld.com\/en\/wp-json\/wp\/v2\/media?parent=6810"}],"curies":[{"name":"wp","href":"https:\/\/api.w.org\/{rel}","templated":true}]}}