{"id":8393,"date":"2025-05-03T13:18:28","date_gmt":"2025-05-03T11:18:28","guid":{"rendered":"https:\/\/borweld.com\/datenschutzbestimmungen\/"},"modified":"2025-09-04T16:22:20","modified_gmt":"2025-09-04T14:22:20","slug":"datenschutzbestimmungen","status":"publish","type":"page","link":"https:\/\/borweld.com\/de\/datenschutzbestimmungen\/","title":{"rendered":"Datenschutzbestimmungen"},"content":{"rendered":"\n<h1 class=\"wp-block-heading\">Datenschutzbestimmungen<\/h1>\n\n<p><strong>Datum des Inkrafttretens: 3. Mai 2025.<\/strong><\/p>\n\n<p>Wir respektieren Ihre Privatsph\u00e4re. In dieser Datenschutzerkl\u00e4rung wird erl\u00e4utert, wie die Borweld-Website (borweld.com), die von RYHOR MOKRY betrieben wird, die pers\u00f6nlichen Daten, die Sie bei der Nutzung unserer Website angeben, sammelt, verwendet und sch\u00fctzt. <\/p>\n\n<h3 class=\"wp-block-heading\">1. die Informationen, die wir sammeln<\/h3>\n\n<p>Wir k\u00f6nnen die folgenden Daten sammeln:<\/p>\n\n<ul class=\"wp-block-list\">\n<li>Name<\/li>\n\n\n\n<li>Kontaktinformationen (E-Mail-Adresse, Telefonnummer)<\/li>\n\n\n\n<li>IP-Adresse, Ger\u00e4tetyp, Browsertyp<\/li>\n\n\n\n<li>\u00dcber Kontaktformulare gesendete Daten<\/li>\n\n\n\n<li>Browserverlauf und Benutzerinteraktion (\u00fcber Cookies und Analysetools)<\/li>\n<\/ul>\n\n<h3 class=\"wp-block-heading\">2. Verwendung der gesammelten Daten<\/h3>\n\n<p>Wir verwenden die Daten f\u00fcr:<\/p>\n\n<ul class=\"wp-block-list\">\n<li>Kommunikation mit Ihnen \u00fcber unsere Dienstleistungen<\/li>\n\n\n\n<li>Bearbeitung von Kundenanfragen<\/li>\n\n\n\n<li>Verbesserung der Qualit\u00e4t unserer Dienstleistungen<\/li>\n\n\n\n<li>Analyse des Website-Traffics und der Werbewirksamkeit (z.B. \u00fcber Google Analytics und Google Ads)<\/li>\n\n\n\n<li>Einhaltung der gesetzlichen Verpflichtungen<\/li>\n<\/ul>\n\n<h3 class=\"wp-block-heading\">3 Rechtsgrundlage f\u00fcr die Verarbeitung<\/h3>\n\n<p>Wir verarbeiten Ihre Daten auf der Grundlage von:<\/p>\n\n<ul class=\"wp-block-list\">\n<li>Ihre Zustimmung (z.B. beim Absenden eines Formulars)<\/li>\n\n\n\n<li>Notwendigkeit des Vertrags<\/li>\n\n\n\n<li>Unser berechtigtes Interesse (z.B. Marketinganalyse)<\/li>\n\n\n\n<li>Einhaltung der geltenden Rechtsvorschriften<\/li>\n<\/ul>\n\n<h3 class=\"wp-block-heading\">4 Dauer der Datenspeicherung<\/h3>\n\n<p>Wir werden Ihre personenbezogenen Daten nur so lange aufbewahren, wie es f\u00fcr die Erf\u00fcllung der in dieser Richtlinie genannten Zwecke erforderlich oder gesetzlich vorgeschrieben ist.<\/p>\n\n<h3 class=\"wp-block-heading\">5. die Weitergabe von Daten an Dritte<\/h3>\n\n<p>Wir geben Ihre pers\u00f6nlichen Daten nicht ohne Ihre Zustimmung an Dritte weiter, mit Ausnahme von:<\/p>\n\n<ul class=\"wp-block-list\">\n<li>Datenverarbeiter (z.B. Google, Hosting-Anbieter)<\/li>\n\n\n\n<li>Wenn gesetzlich vorgeschrieben<\/li>\n<\/ul>\n\n<h3 class=\"wp-block-heading\">6 Kekse<\/h3>\n\n<p>Wir verwenden Cookies f\u00fcr:<\/p>\n\n<ul class=\"wp-block-list\">\n<li>Sicherstellung des korrekten Betriebs der Website<\/li>\n\n\n\n<li>Analyse des Benutzerverhaltens<\/li>\n\n\n\n<li>Bereitstellung von personalisierter Werbung<\/li>\n<\/ul>\n\n<p>Sie k\u00f6nnen Cookies in den Einstellungen Ihres Browsers deaktivieren.<\/p>\n\n<h3 class=\"wp-block-heading\">7. Ihre Rechte<\/h3>\n\n<p>Sie haben die folgenden Rechte im Rahmen der RODO:<\/p>\n\n<ul class=\"wp-block-list\">\n<li>Zugang zu Ihren pers\u00f6nlichen Daten<\/li>\n\n\n\n<li>Antrag auf Berichtigung oder L\u00f6schung von Daten<\/li>\n\n\n\n<li>Einschr\u00e4nkung der Datenverarbeitung<\/li>\n\n\n\n<li>Einspruch gegen die Datenverarbeitung<\/li>\n\n\n\n<li>Daten\u00fcbertragung<\/li>\n\n\n\n<li>Jederzeitige R\u00fccknahme der Zustimmung<\/li>\n<\/ul>\n\n<p>Um Ihre Rechte auszu\u00fcben, wenden Sie sich an: <strong><a>info@borweld.com<\/a><\/strong><\/p>\n\n<h3 class=\"wp-block-heading\">8 Datensicherheit<\/h3>\n\n<p>Wir ergreifen angemessene Ma\u00dfnahmen, um Ihre Daten vor unbefugtem Zugriff, Ver\u00e4nderung, Weitergabe oder Zerst\u00f6rung zu sch\u00fctzen.<\/p>\n\n<h3 class=\"wp-block-heading\">9 \u00c4nderungen der Datenschutzrichtlinie<\/h3>\n\n<p>Wir k\u00f6nnen diese Richtlinie von Zeit zu Zeit aktualisieren. Die aktuelle Version wird immer auf unserer Website verf\u00fcgbar sein. Wir empfehlen Ihnen, diesen Abschnitt regelm\u00e4\u00dfig zu \u00fcberpr\u00fcfen.  <\/p>\n\n<h3 class=\"wp-block-heading\">10. Kontaktinformationen<\/h3>\n\n<p>Wenn Sie Fragen zu dieser Datenschutzrichtlinie haben, kontaktieren Sie uns bitte:<\/p>\n\n<p>Borweld \/ RYHOR MOKRY<br\/>E-Mail: info@borweld.com<br\/>Telefon: +48 536 786 039<\/p>\n\n<p><\/p>\n","protected":false},"excerpt":{"rendered":"<p>Datenschutzbestimmungen Datum des Inkrafttretens: 3. Mai 2025. Wir respektieren Ihre Privatsph\u00e4re. In dieser Datenschutzerkl\u00e4rung wird erl\u00e4utert, wie die Borweld-Website (borweld.com), die von RYHOR MOKRY betrieben wird, die pers\u00f6nlichen Daten, die Sie bei der Nutzung unserer Website angeben, sammelt, verwendet und sch\u00fctzt. 1. die Informationen, die wir sammeln Wir k\u00f6nnen die folgenden Daten sammeln: 2. Verwendung [&hellip;]<\/p>\n","protected":false},"author":6,"featured_media":0,"parent":0,"menu_order":0,"comment_status":"closed","ping_status":"closed","template":"","meta":{"content-type":"","ocean_post_layout":"","ocean_both_sidebars_style":"","ocean_both_sidebars_content_width":0,"ocean_both_sidebars_sidebars_width":0,"ocean_sidebar":"","ocean_second_sidebar":"","ocean_disable_margins":"enable","ocean_add_body_class":"","ocean_shortcode_before_top_bar":"","ocean_shortcode_after_top_bar":"","ocean_shortcode_before_header":"","ocean_shortcode_after_header":"","ocean_has_shortcode":"","ocean_shortcode_after_title":"","ocean_shortcode_before_footer_widgets":"","ocean_shortcode_after_footer_widgets":"","ocean_shortcode_before_footer_bottom":"","ocean_shortcode_after_footer_bottom":"","ocean_display_top_bar":"default","ocean_display_header":"default","ocean_header_style":"","ocean_center_header_left_menu":"","ocean_custom_header_template":"","ocean_custom_logo":0,"ocean_custom_retina_logo":0,"ocean_custom_logo_max_width":0,"ocean_custom_logo_tablet_max_width":0,"ocean_custom_logo_mobile_max_width":0,"ocean_custom_logo_max_height":0,"ocean_custom_logo_tablet_max_height":0,"ocean_custom_logo_mobile_max_height":0,"ocean_header_custom_menu":"","ocean_menu_typo_font_family":"","ocean_menu_typo_font_subset":"","ocean_menu_typo_font_size":0,"ocean_menu_typo_font_size_tablet":0,"ocean_menu_typo_font_size_mobile":0,"ocean_menu_typo_font_size_unit":"px","ocean_menu_typo_font_weight":"","ocean_menu_typo_font_weight_tablet":"","ocean_menu_typo_font_weight_mobile":"","ocean_menu_typo_transform":"","ocean_menu_typo_transform_tablet":"","ocean_menu_typo_transform_mobile":"","ocean_menu_typo_line_height":0,"ocean_menu_typo_line_height_tablet":0,"ocean_menu_typo_line_height_mobile":0,"ocean_menu_typo_line_height_unit":"","ocean_menu_typo_spacing":0,"ocean_menu_typo_spacing_tablet":0,"ocean_menu_typo_spacing_mobile":0,"ocean_menu_typo_spacing_unit":"","ocean_menu_link_color":"","ocean_menu_link_color_hover":"","ocean_menu_link_color_active":"","ocean_menu_link_background":"","ocean_menu_link_hover_background":"","ocean_menu_link_active_background":"","ocean_menu_social_links_bg":"","ocean_menu_social_hover_links_bg":"","ocean_menu_social_links_color":"","ocean_menu_social_hover_links_color":"","ocean_disable_title":"default","ocean_disable_heading":"default","ocean_post_title":"","ocean_post_subheading":"","ocean_post_title_style":"","ocean_post_title_background_color":"","ocean_post_title_background":0,"ocean_post_title_bg_image_position":"","ocean_post_title_bg_image_attachment":"","ocean_post_title_bg_image_repeat":"","ocean_post_title_bg_image_size":"","ocean_post_title_height":0,"ocean_post_title_bg_overlay":0.5,"ocean_post_title_bg_overlay_color":"","ocean_disable_breadcrumbs":"default","ocean_breadcrumbs_color":"","ocean_breadcrumbs_separator_color":"","ocean_breadcrumbs_links_color":"","ocean_breadcrumbs_links_hover_color":"","ocean_display_footer_widgets":"default","ocean_display_footer_bottom":"default","ocean_custom_footer_template":"","footnotes":""},"class_list":["post-8393","page","type-page","status-publish","hentry","entry","owp-thumbs-layout-horizontal","owp-btn-normal","owp-tabs-layout-horizontal","has-no-thumbnails","has-product-nav"],"_links":{"self":[{"href":"https:\/\/borweld.com\/de\/wp-json\/wp\/v2\/pages\/8393","targetHints":{"allow":["GET"]}}],"collection":[{"href":"https:\/\/borweld.com\/de\/wp-json\/wp\/v2\/pages"}],"about":[{"href":"https:\/\/borweld.com\/de\/wp-json\/wp\/v2\/types\/page"}],"author":[{"embeddable":true,"href":"https:\/\/borweld.com\/de\/wp-json\/wp\/v2\/users\/6"}],"replies":[{"embeddable":true,"href":"https:\/\/borweld.com\/de\/wp-json\/wp\/v2\/comments?post=8393"}],"version-history":[{"count":1,"href":"https:\/\/borweld.com\/de\/wp-json\/wp\/v2\/pages\/8393\/revisions"}],"predecessor-version":[{"id":8394,"href":"https:\/\/borweld.com\/de\/wp-json\/wp\/v2\/pages\/8393\/revisions\/8394"}],"wp:attachment":[{"href":"https:\/\/borweld.com\/de\/wp-json\/wp\/v2\/media?parent=8393"}],"curies":[{"name":"wp","href":"https:\/\/api.w.org\/{rel}","templated":true}]}}